{"id":855,"date":"2019-08-22T11:39:40","date_gmt":"2019-08-22T09:39:40","guid":{"rendered":"https:\/\/alkihaizea.com\/?page_id=855"},"modified":"2021-09-22T09:41:32","modified_gmt":"2021-09-22T07:41:32","slug":"datuen-babesa","status":"publish","type":"page","link":"https:\/\/alkihaizea.com\/eu\/datuen-babesa\/","title":{"rendered":"Datuen babesa"},"content":{"rendered":"<div class=\"separador\"><\/div>\n<div class=\"main\">\n<h1>Protecci\u00f3n de datos<\/h1>\n<div class=\"puntos\"><\/div>\n<div class=\"main-estrecho\">\n<div class=\"accordion\" id=\"accordionExample\">\n<div class=\"card\">\n<div class=\"card-header\" id=\"headingTwo\">\n<div class=\"btn btn-link collapsed\" data-toggle=\"collapse\" data-target=\"#collapseTwo\" aria-expanded=\"false\" aria-controls=\"collapseTwo\">\n<p>CONTACTOS<\/p>\n<\/div>\n<\/div>\n<div id=\"collapseTwo\" class=\"collapse\" aria-labelledby=\"headingTwo\" data-parent=\"#accordionExample\">\n<div class=\"card-body\">\n<p><strong>\u00bfQui\u00e9n es el responsable de sus datos?<\/strong><br \/>De acuerdo con lo establecido por la Ley Org\u00e1nica 3\/2018, de 5 de diciembre, de Protecci\u00f3n de Datos Personales y garant\u00eda de los derechos digitales (LOPD) y el Reglamento General de Protecci\u00f3n de Datos (RGPD) de 27 de Abril de 2016, le informamos que los datos personales aportados ser\u00e1n tratados por ALKIHAIZEA, S.A. con CIF A20615860 y domicilio en Pol.Ergoien, Pab. 599 y 603 &#8211; 20130, URNIETA (Gipuzkoa).<\/p>\n<p><strong>\u00bfCon qu\u00e9 finalidad tratamos sus datos personales?<\/strong><br \/>\nLos datos aportados por usted son necesarios para poder prestarle con todas las garant\u00edas el servicio solicitado, y ser\u00e1n tratados con las siguientes finalidades: Gesti\u00f3n de los datos de contacto obtenidos en el formulario de contacto de la web o correo electr\u00f3nica para las comunicaciones, responder a consultas planteadas y envi\u00f3 de presupuestos, facturas, e informaci\u00f3n de inter\u00e9s.<\/p>\n<p><strong>\u00bfPor cu\u00e1nto tiempo conservaremos sus datos?<\/strong><br \/>Los datos personales proporcionados se conservar\u00e1n mientras se prevea que pueden ser necesarios para contactar con el interesado.<\/p>\n<p><strong>\u00bfCu\u00e1l es la legitimaci\u00f3n para el tratamiento de sus datos?<\/strong><br \/>\nLa base legal para el tratamiento de sus datos es el consentimiento del interesado al proporcionar sus datos de contacto.<\/p>\n<p><strong>\u00bfA qu\u00e9 destinatarios se comunicar\u00e1n sus datos?<\/strong><br \/>\nSus datos no se ceder\u00e1n a terceros salvo obligaci\u00f3n legal.<\/p>\n<p><strong>\u00bfCu\u00e1les son sus derechos cuando nos facilita sus datos?<\/strong><br \/>\nCualquier persona tiene derecho a solicitar el acceso, rectificaci\u00f3n, supresi\u00f3n, limitaci\u00f3n deltratamiento, oposici\u00f3n o derecho a la portabilidad de sus datos personales, escribi\u00e9ndonos a ladirecci\u00f3n de nuestras oficinas, o enviando un correo electr\u00f3nico a <a href=\"mailto:alkihaizea@alkihaizea.com\">alkihaizea@alkihaizea.com<\/a>, indicando el derecho que desea ejercer.<\/p>\n<p>Tendr\u00e1 derecho igualmente a retirar el consentimiento prestado en cualquier momento. La retirada delconsentimiento no afectar\u00e1 a la licitud del tratamiento efectuado antes de la retirada de dichoconsentimiento.<\/p>\n<p>Tiene derecho a presentar una reclamaci\u00f3n ante la autoridad de control si considera que pueden haber sido vulnerados sus derechos en lo concerniente a la protecci\u00f3n de sus datos personales.<\/p>\n<\/div>\n<\/div>\n<\/div>\n<div class=\"card\">\n<div class=\"card-header\" id=\"headingThree\">\n<div class=\"btn btn-link collapsed\" data-toggle=\"collapse\" data-target=\"#collapseThree\" aria-expanded=\"false\" aria-controls=\"collapseThree\">\n<p>CLIENTES<\/p>\n<\/div>\n<\/div>\n<div id=\"collapseThree\" class=\"collapse\" aria-labelledby=\"headingThree\" data-parent=\"#accordionExample\">\n<div class=\"card-body\">\n<p><strong>\u00bfQui\u00e9n es el responsable de sus datos?<\/strong><br \/>\nDe acuerdo con lo establecido por la Ley Org\u00e1nica 3\/2018, de 5 de diciembre, de Protecci\u00f3n de Datos Personales y garant\u00eda de los derechos digitales (LOPD) y el Reglamento General de Protecci\u00f3n de Datos (RGPD) de 27 de Abril de 2016, le informamos que los datos personales aportados ser\u00e1n tratados por ALKIHAIZEA, S.A. con CIF A20615860 y domicilio en Pol.Ergoien, Pab. 599 y 603 &#8211; 20130, URNIETA (Gipuzkoa).<\/p>\n<p><strong>\u00bfCon qu\u00e9 finalidad tratamos sus datos personales?<\/strong><br \/>\nLos datos aportados por usted son necesarios para poder prestarle con todas las garant\u00edas el servicio solicitado, y ser\u00e1n tratados con las siguientes finalidades: Gesti\u00f3n administrativa, contable y fiscal, gesti\u00f3n de las relaciones comerciales y transacciones econ\u00f3micas, acciones de marketing y publicidad en general.<\/p>\n<p><strong>\u00bfPor cu\u00e1nto tiempo conservaremos sus datos?<\/strong><br \/>\nLos datos personales proporcionados se conservar\u00e1n hasta la finalizaci\u00f3n de la relaci\u00f3n contractual y, posteriormente, durante los plazos legalmente exigidos.<\/p>\n<p><strong>\u00bfCu\u00e1l es la legitimaci\u00f3n para el tratamiento de sus datos?<\/strong><br \/>\nLa base legal para el tratamiento de sus datos es la ejecuci\u00f3n del contrato suscrito con nosotros.<\/p>\n<p><strong>\u00bfA qu\u00e9 destinatarios se comunicar\u00e1n sus datos?<\/strong><br \/>\nPara cumplir con la finalidad prevista, sus datos podr\u00e1n ser comunicados a: Administraci\u00f3n tributaria; Bancos, cajas de ahorros y cajas rurales; Administraci\u00f3n p\u00fablica con competencia en la materia.<\/p>\n<p><strong>\u00bfCu\u00e1les son sus derechos cuando nos facilita sus datos?<\/strong><br \/>\nCualquier persona tiene derecho a solicitar el acceso, rectificaci\u00f3n, supresi\u00f3n, limitaci\u00f3n del tratamiento, oposici\u00f3n o derecho a la portabilidad de sus datos personales, escribi\u00e9ndonos a la direcci\u00f3n de nuestras oficinas, o enviando un correo electr\u00f3nico a alkihaizea@alkihaizea.com, indicando el derecho que desea ejercer.<\/p>\n<p>Tendr\u00e1 derecho igualmente a retirar el consentimiento prestado en cualquier momento. La retirada del consentimiento no afectar\u00e1 a la licitud del tratamiento efectuado antes de la retirada de dicho consentimiento.<\/p>\n<p>Tiene derecho a presentar una reclamaci\u00f3n ante la autoridad de control si considera que pueden haber sido vulnerados sus derechos en lo concerniente a la protecci\u00f3n de sus datos personales.<\/p>\n<\/div>\n<\/div>\n<\/div>\n<\/div>\n<\/div>\n<\/div>\n<div>\n<div id=\"footer-left\" class=\"fd-azul-osc\">\n<div class=\"pie-left\">\n<h4 class=\"slab\">Descubre nuestra amplia gama de productos<\/h4>\n<div class=\"lista\">\n<ul>\n<li><a href=\"https:\/\/alkihaizea.com\/productos\/compactacion\/\" title=\"Descubre nuestros productos de compactaci\u00f3n\">Compactaci\u00f3n<\/a><\/li>\n<li><a href=\"https:\/\/alkihaizea.com\/productos\/corte-y-demolicion\/\" title=\"Disponemos de una gran variedad de maquinaria de corte y demolici\u00f3n\">Corte y demolici\u00f3n<\/a><\/li>\n<li><a href=\"https:\/\/alkihaizea.com\/productos\/elevacion-y-manutencion\/\" title=\"Disfruta de nuestras plataformas elevadoras y carretillas\">Elevaci\u00f3n y manutenci\u00f3n<\/a><\/li>\n<li><a href=\"https:\/\/alkihaizea.com\/productos\/generadores-y-compresores\/\" title=\"Conoce nuestra variedad de generadores y compresores\">Generadores y compresores<\/a><\/li>\n<li><a href=\"https:\/\/alkihaizea.com\/productos\/maquinaria-de-limpieza-a-presion\/\" title=\"Contamos con m\u00e1quinas limpiadoras de todo tipo\">Maquinaria de limpieza a presi\u00f3n<\/a><\/li>\n<li><a href=\"https:\/\/alkihaizea.com\/productos\/movimiento-de-tierras\/\" title=\"Conoce nuestras maquinaria e implementos\">Movimiento de tierras<\/a><\/li>\n<li><a href=\"https:\/\/alkihaizea.com\/productos\/otros\/\" title=\"Disponemos tambien de productos de jardiner\u00eda y bombas\">Otros<\/a><\/li>\n<\/ul>\n<\/div>\n<\/div>\n<\/div>\n<div class=\"separador\"><\/div>\n","protected":false},"excerpt":{"rendered":"<p>Protecci\u00f3n de datos CONTACTOS \u00bfQui\u00e9n es el responsable de sus datos?De acuerdo con lo establecido por la Ley Org\u00e1nica 3\/2018, de 5 de diciembre, de Protecci\u00f3n de Datos Personales y garant\u00eda de los derechos digitales (LOPD) y el Reglamento General de Protecci\u00f3n de Datos (RGPD) de 27 de Abril de 2016, le informamos que los [&hellip;]<\/p>\n","protected":false},"author":6,"featured_media":0,"parent":0,"menu_order":0,"comment_status":"closed","ping_status":"closed","template":"interior.php","meta":{"footnotes":""},"class_list":["post-855","page","type-page","status-publish","hentry"],"yoast_head":"<!-- This site is optimized with the Yoast SEO plugin v27.4 - https:\/\/yoast.com\/product\/yoast-seo-wordpress\/ -->\n<title>Datuen babesa - Alki Haizea<\/title>\n<meta name=\"robots\" content=\"index, follow, max-snippet:-1, max-image-preview:large, max-video-preview:-1\" \/>\n<link rel=\"canonical\" href=\"https:\/\/alkihaizea.com\/eu\/datuen-babesa\/\" \/>\n<meta property=\"og:locale\" content=\"eu_ES\" \/>\n<meta property=\"og:type\" content=\"article\" \/>\n<meta property=\"og:title\" content=\"Datuen babesa - Alki Haizea\" \/>\n<meta property=\"og:description\" content=\"Protecci\u00f3n de datos CONTACTOS \u00bfQui\u00e9n es el responsable de sus datos?De acuerdo con lo establecido por la Ley Org\u00e1nica 3\/2018, de 5 de diciembre, de Protecci\u00f3n de Datos Personales y garant\u00eda de los derechos digitales (LOPD) y el Reglamento General de Protecci\u00f3n de Datos (RGPD) de 27 de Abril de 2016, le informamos que los [&hellip;]\" \/>\n<meta property=\"og:url\" content=\"https:\/\/alkihaizea.com\/eu\/datuen-babesa\/\" \/>\n<meta property=\"og:site_name\" content=\"Alki Haizea\" \/>\n<meta property=\"article:modified_time\" content=\"2021-09-22T07:41:32+00:00\" \/>\n<meta name=\"twitter:card\" content=\"summary_large_image\" \/>\n<meta name=\"twitter:label1\" content=\"Est. reading time\" \/>\n\t<meta name=\"twitter:data1\" content=\"4 minutes\" \/>\n<script type=\"application\/ld+json\" class=\"yoast-schema-graph\">{\"@context\":\"https:\\\/\\\/schema.org\",\"@graph\":[{\"@type\":\"WebPage\",\"@id\":\"https:\\\/\\\/alkihaizea.com\\\/eu\\\/datuen-babesa\\\/\",\"url\":\"https:\\\/\\\/alkihaizea.com\\\/eu\\\/datuen-babesa\\\/\",\"name\":\"Datuen babesa - Alki Haizea\",\"isPartOf\":{\"@id\":\"https:\\\/\\\/alkihaizea.com\\\/#website\"},\"datePublished\":\"2019-08-22T09:39:40+00:00\",\"dateModified\":\"2021-09-22T07:41:32+00:00\",\"breadcrumb\":{\"@id\":\"https:\\\/\\\/alkihaizea.com\\\/eu\\\/datuen-babesa\\\/#breadcrumb\"},\"inLanguage\":\"eu-ES\",\"potentialAction\":[{\"@type\":\"ReadAction\",\"target\":[\"https:\\\/\\\/alkihaizea.com\\\/eu\\\/datuen-babesa\\\/\"]}]},{\"@type\":\"BreadcrumbList\",\"@id\":\"https:\\\/\\\/alkihaizea.com\\\/eu\\\/datuen-babesa\\\/#breadcrumb\",\"itemListElement\":[{\"@type\":\"ListItem\",\"position\":1,\"name\":\"Portada\",\"item\":\"https:\\\/\\\/alkihaizea.com\\\/eu\\\/\"},{\"@type\":\"ListItem\",\"position\":2,\"name\":\"Datuen babesa\"}]},{\"@type\":\"WebSite\",\"@id\":\"https:\\\/\\\/alkihaizea.com\\\/#website\",\"url\":\"https:\\\/\\\/alkihaizea.com\\\/\",\"name\":\"Alki Haizea\",\"description\":\"Alquiler y venta de maquinaria\",\"publisher\":{\"@id\":\"https:\\\/\\\/alkihaizea.com\\\/#organization\"},\"potentialAction\":[{\"@type\":\"SearchAction\",\"target\":{\"@type\":\"EntryPoint\",\"urlTemplate\":\"https:\\\/\\\/alkihaizea.com\\\/?s={search_term_string}\"},\"query-input\":{\"@type\":\"PropertyValueSpecification\",\"valueRequired\":true,\"valueName\":\"search_term_string\"}}],\"inLanguage\":\"eu-ES\"},{\"@type\":\"Organization\",\"@id\":\"https:\\\/\\\/alkihaizea.com\\\/#organization\",\"name\":\"Alki Haizea\",\"url\":\"https:\\\/\\\/alkihaizea.com\\\/\",\"logo\":{\"@type\":\"ImageObject\",\"inLanguage\":\"eu-ES\",\"@id\":\"https:\\\/\\\/alkihaizea.com\\\/#\\\/schema\\\/logo\\\/image\\\/\",\"url\":\"https:\\\/\\\/alkihaizea.com\\\/wp-content\\\/uploads\\\/2018\\\/05\\\/logotipo-v-alkihaizea.jpg\",\"contentUrl\":\"https:\\\/\\\/alkihaizea.com\\\/wp-content\\\/uploads\\\/2018\\\/05\\\/logotipo-v-alkihaizea.jpg\",\"width\":112,\"height\":70,\"caption\":\"Alki Haizea\"},\"image\":{\"@id\":\"https:\\\/\\\/alkihaizea.com\\\/#\\\/schema\\\/logo\\\/image\\\/\"}}]}<\/script>\n<!-- \/ Yoast SEO plugin. -->","yoast_head_json":{"title":"Datuen babesa - Alki Haizea","robots":{"index":"index","follow":"follow","max-snippet":"max-snippet:-1","max-image-preview":"max-image-preview:large","max-video-preview":"max-video-preview:-1"},"canonical":"https:\/\/alkihaizea.com\/eu\/datuen-babesa\/","og_locale":"eu_ES","og_type":"article","og_title":"Datuen babesa - Alki Haizea","og_description":"Protecci\u00f3n de datos CONTACTOS \u00bfQui\u00e9n es el responsable de sus datos?De acuerdo con lo establecido por la Ley Org\u00e1nica 3\/2018, de 5 de diciembre, de Protecci\u00f3n de Datos Personales y garant\u00eda de los derechos digitales (LOPD) y el Reglamento General de Protecci\u00f3n de Datos (RGPD) de 27 de Abril de 2016, le informamos que los [&hellip;]","og_url":"https:\/\/alkihaizea.com\/eu\/datuen-babesa\/","og_site_name":"Alki Haizea","article_modified_time":"2021-09-22T07:41:32+00:00","twitter_card":"summary_large_image","twitter_misc":{"Est. reading time":"4 minutes"},"schema":{"@context":"https:\/\/schema.org","@graph":[{"@type":"WebPage","@id":"https:\/\/alkihaizea.com\/eu\/datuen-babesa\/","url":"https:\/\/alkihaizea.com\/eu\/datuen-babesa\/","name":"Datuen babesa - Alki Haizea","isPartOf":{"@id":"https:\/\/alkihaizea.com\/#website"},"datePublished":"2019-08-22T09:39:40+00:00","dateModified":"2021-09-22T07:41:32+00:00","breadcrumb":{"@id":"https:\/\/alkihaizea.com\/eu\/datuen-babesa\/#breadcrumb"},"inLanguage":"eu-ES","potentialAction":[{"@type":"ReadAction","target":["https:\/\/alkihaizea.com\/eu\/datuen-babesa\/"]}]},{"@type":"BreadcrumbList","@id":"https:\/\/alkihaizea.com\/eu\/datuen-babesa\/#breadcrumb","itemListElement":[{"@type":"ListItem","position":1,"name":"Portada","item":"https:\/\/alkihaizea.com\/eu\/"},{"@type":"ListItem","position":2,"name":"Datuen babesa"}]},{"@type":"WebSite","@id":"https:\/\/alkihaizea.com\/#website","url":"https:\/\/alkihaizea.com\/","name":"Alki Haizea","description":"Alquiler y venta de maquinaria","publisher":{"@id":"https:\/\/alkihaizea.com\/#organization"},"potentialAction":[{"@type":"SearchAction","target":{"@type":"EntryPoint","urlTemplate":"https:\/\/alkihaizea.com\/?s={search_term_string}"},"query-input":{"@type":"PropertyValueSpecification","valueRequired":true,"valueName":"search_term_string"}}],"inLanguage":"eu-ES"},{"@type":"Organization","@id":"https:\/\/alkihaizea.com\/#organization","name":"Alki Haizea","url":"https:\/\/alkihaizea.com\/","logo":{"@type":"ImageObject","inLanguage":"eu-ES","@id":"https:\/\/alkihaizea.com\/#\/schema\/logo\/image\/","url":"https:\/\/alkihaizea.com\/wp-content\/uploads\/2018\/05\/logotipo-v-alkihaizea.jpg","contentUrl":"https:\/\/alkihaizea.com\/wp-content\/uploads\/2018\/05\/logotipo-v-alkihaizea.jpg","width":112,"height":70,"caption":"Alki Haizea"},"image":{"@id":"https:\/\/alkihaizea.com\/#\/schema\/logo\/image\/"}}]}},"_links":{"self":[{"href":"https:\/\/alkihaizea.com\/eu\/wp-json\/wp\/v2\/pages\/855","targetHints":{"allow":["GET"]}}],"collection":[{"href":"https:\/\/alkihaizea.com\/eu\/wp-json\/wp\/v2\/pages"}],"about":[{"href":"https:\/\/alkihaizea.com\/eu\/wp-json\/wp\/v2\/types\/page"}],"author":[{"embeddable":true,"href":"https:\/\/alkihaizea.com\/eu\/wp-json\/wp\/v2\/users\/6"}],"replies":[{"embeddable":true,"href":"https:\/\/alkihaizea.com\/eu\/wp-json\/wp\/v2\/comments?post=855"}],"version-history":[{"count":4,"href":"https:\/\/alkihaizea.com\/eu\/wp-json\/wp\/v2\/pages\/855\/revisions"}],"predecessor-version":[{"id":903,"href":"https:\/\/alkihaizea.com\/eu\/wp-json\/wp\/v2\/pages\/855\/revisions\/903"}],"wp:attachment":[{"href":"https:\/\/alkihaizea.com\/eu\/wp-json\/wp\/v2\/media?parent=855"}],"curies":[{"name":"wp","href":"https:\/\/api.w.org\/{rel}","templated":true}]}}