{"id":762,"date":"2019-03-08T08:47:19","date_gmt":"2019-03-08T07:47:19","guid":{"rendered":"https:\/\/alkihaizea.com\/?page_id=762"},"modified":"2019-11-05T15:23:36","modified_gmt":"2019-11-05T14:23:36","slug":"lege-oharra","status":"publish","type":"page","link":"https:\/\/alkihaizea.com\/eu\/lege-oharra\/","title":{"rendered":"Lege oharra"},"content":{"rendered":"<div class=\"separador\"><\/div>\n<div class=\"main\">\n<h1>Lege oharra<\/h1>\n<div class=\"puntos\"><\/div>\n<div class=\"main-estrecho\">\n<h2>Xedea<\/h2>\n<p>Zerbitzu-emaileak, webgunearen arduradun izanik, erabiltzaileen esku jarri du honako dokumentu hau, informazioaren gizarteko eta merkataritza elektronikoko zerbitzuei buruzko 34\/2002 Legeak xedaturiko betebeharrak betetzeko, baita webgunearen erabiltzaile guztiei hura erabiltzeko baldintzen berri emateko ere.<\/p>\n<p>Webgunean sartuz gero erabiltzeko baldintza orokor hauek erabat ulertutzat eta onartutzat joko dira. Erabiltzaileak konpromisoa hartzen du webgunea eta bertan eskainitako zerbitzuak legearen aurka doazen jarduerak egiteko ez erabiltzeko, eta une oro baldintza orokor hauek errespetatzeko. Zerbitzu-emaileak edozein unetan eten ahalko du bere webgunerako sarbidea legearen, fede onaren edo baldintza orokor hauen aurkako erabileraren bat antzemanez gero.<\/p>\n<p>Zerbitzu-emaileak eskubide osoa du webgunean ageri den edozer informazio mota aldatzeko, horretarako inolako abisurik eman gabe edo betebehar horiek erabiltzaileei jakinarazi gabe; nahikoa izango da zerbitzu-emailearen webgunean argitaratzea.<\/p>\n<h2>Zerbitzu-emaileari buruz<\/h2>\n<p>Webgunearen ardura duen zerbitzu-emaileak erabiltzaileei bere identifikazio-datuak eskaintzen dizkie, bai erabiltzailearen konfiantza bai erabiltzailearekin izan beharreko harremanak hobetzeko asmoz.<\/p>\n<p>Izen soziala: ALKIHAIZEA SA<br \/>\nIzen komertziala: ALKIHAIZEA<br \/>\nEgoitza soziala: Ergoien industrialdea, 599-603 pabiloia, 20130 Urnieta, Gipuzkoa<br \/>\nIFK\/IFZ: A20615860<br \/>\nTelefonoa: <a href=\"tel:+34943554646\" class=\"azul\">943554646<\/a><br \/>\nFaxa: 943332903<br \/>\nHel. elek.: <a href=\"mailto:alkihaizea@alkihaizea.com\" class=\"azul\">alkihaizea@alkihaizea.com<\/a><br \/>\nErregistro honetan izena emanda: Gipuzkoako Merkataritza Erregistroa, ss-13894 orria, 169. folioa, 1.679. liburukia, 0 liburua, 8. atala.<br \/>\nDomeinu-izena: <a href=\"http:\/\/alkihaizea.com\" class=\"azul\">alkihaizea.com<\/a><\/p>\n<h2>IP helbideak<\/h2>\n<p>Webgune honetako zerbitzariek automatikoki antzeman ahalko dute IP helbidea eta erabiltzaileak erabilitako domeinuaren izena. IP helbide bat ordenagailu bat Internetera konektatzen denean automatikoki esleitutako zenbakia da. Informazio hori guztia behar bezala inskribatutako zerbitzariaren jarduera fitxategi batean erregistratzen da, eta, ondoren, datuak prozesatzeko aukera eskaintzen du, soilik neurketa estatistikoak lortzeko helburuarekin (orrien inprimatze kopurua, web zerbitzuetara eginiko bisita kopurua, bisiten ordena, sarbide-puntua eta abar).<\/p>\n<h2>Segurtasuna<\/h2>\n<p>Zerbitzu-emaileak beharrezko neurri teknikoak zein antolakuntza-neurriak hartu ditu erabiltzen dituen datu pertsonalen segurtasuna eta osotasuna bermatzeko, baita datuok galtzea, aldatzea edo\/eta baimenik gabeko hirugarrenen eskura geratzea saihesteko ere. Webguneak industriak oro har onartutako informazio-segurtasuneko teknikak erabiltzen ditu, adibidez, firewallak, sarrerako kontrol-prozedurak eta mekanismo kriptografikoak, betiere horretarako baimenik ez dutenak datuetara sartzea saihestea helburu. Xedeok betetzeko, erabiltzaileak\/bezeroak onartzen du zerbitzu-emaileak datuak eskuratzea sarbide-kontrolak autentifikatzeko.<\/p>\n<h2>Erantzukizuna<\/h2>\n<p>Zerbitzu-emaileak ez du inolako ardurarik bere webgunean argitaratutako informazioaren gainean, informazio hori manipulatua izan denean edo hirugarren batek webgunean argitaratu duenean (adibidez, foroetan, txatetan, blogetan, iruzkinetan&#8230;). Hala eta guztiz ere, Informazioaren gizarteko eta merkataritza elektronikoko zerbitzuei buruzko Legeak xedaturikoa betez, zerbitzu-emailea erabiltzaile, autoritate eta segurtasun-indar guztien esku dago legeria nazionalaren edo nazioartekoaren, hirugarrenen eskubideen edo moralaren eta ordena publikoaren aurkakoak izan daitezkeen edo berauetan eragina izan dezaketen edukiak kentzeko edo blokeatzeko.<\/p>\n<p>Erabiltzaileak webgunean sailkapen horretan sar daitekeen edukiren bat dagoela uste baldin badu, arren eskatzen diogu berehala webgunearen administratzaileari jakinarazi diezaion.<\/p>\n<p>Azterketak eta probak egin ditugu webgune honek behar bezala funtziona dezan. Hasiera batean, berma dezakegu urteko 365 egunetan eguneko 24 orduetan behar bezala funtzionatuko duela. Hala eta guztiz ere, zerbitzu-emaileak ez du baztertzen programazio-akats jakin batzuk gertatzea, edota ezinbesteko arrazoien, natura-hondamendien, greben edo bestelako antzeko arrazoien ondorioz webgunean sartzerik ez izatea.<\/p>\n<h2>Jabetza intelektuala eta industriala<\/h2>\n<p>ALKIHAIZEA SA marka erregistratua da. Beste inork, edozein bitartekoren bidez, ALKIHAIZEA SA marka erabiltzea \u2013izena eta logotipoa barne\u2013 debekatuta dago, ALKIHAIZEA SAk berariaz baimendu ezean. Eskubide guztiak erreserbatuta daude.<\/p>\n<p>Honako webgune honen jabetza webgunearen arduradunari dagokio \u2013adierazteko baina ez modu mugatzailean programazioa, edizioa, bildumak, diseinuak, logotipoak, testuak edo\/eta grafikoak barne\u2013 eta, hortaz, edukiak jabetza intelektualaren eta industrialaren gaineko araudi nazionalek eta nazioarteko araudiek babestuta daude. Webgunera sarbidea izateak ez dio erabiltzaileari edukion gaineko inolako jabetza-eskubiderik ematen.<\/p>\n<p>Webguneko eduki guztiak jabetza intelektualaren eta industrialaren gaineko araudiek behar bezala babestuta daude; horrez gain, edukiak dagokien erregistro publikoetan inskribatuta daude.<\/p>\n<p>Edukiak hasiera batean zein helburutara bideratuta zeuden gorabehera, edukiok osoki edo partzialki erreproduzitu, erabili, ustiatu, banatu eta merkaturatzeko zerbitzu-emailearen aldez aurreko baimen idatzia beharko da. Zerbitzu-emaileak aldez aurretik baimendu gabeko edozein erabilera egilearen jabetza intelektual eta industrialeko eskubideen hauste larritzat hartuko da.<\/p>\n<p>Zerbitzu-emaileaz bestelakoak diren eta webgunean agertzen diren diseinu, logotipo, testu edo\/eta grafikoek beren jabea dute, eta, hortaz, jabe hori da edukion gainean sor litezkeen eztabaiden erantzule. Zerbitzu-emaileak aitortzen du jabetza intelektualeko eta industrialeko eskubideak haien titularrei dagozkiela. Hala bada, webgunean produktu eta zerbitzu horiek aipatzeak edo bistaratzeak ez du esan nahi zerbitzu-emaileak horien gaineko eskubiderik edo erantzukizunik duenik, ez eta laguntzen, babesten edo gomendatzen dituenik ere.<\/p>\n<p>Jabetza intelektual eta industrialeko eskubideak hautsi izanaren gaineko edozein ohar egiteko, edota webgunearen edozein edukiren inguruko iruzkinen bat egiteko, honako helbide elektroniko honetara jo dezakezu: alkihaizea@alkihaizea.com.<\/p>\n<h2>Aplikatu beharreko legea eta jurisdikzioa<\/h2>\n<p>Webgune honekin edo bertan azaltzen diren alderdiekin lotutako gatazkak edo auziak konpontzeko, Espainiako legedia izango da aplikatzekoa, eta aldeek espresuki egiten diote men legedi horri. GIPUZKOAKO epaitegi eta auzitegiek izango dute webgunea erabiltzearen ondorioz edo horrekin lotuta sortzen diren gatazka guztiak ebazteko eskumena.<\/p>\n<\/div>\n<\/div>\n<div class=\"separador\"><\/div>\n<div>\n<div id=\"footer-left\">\n<div class=\"pie-left\">\n<h4 class=\"slab azul\">LAN MOTA BAKOITZERAKO EGOKIENA DEN MAKINERIARI BURUZKO AHOLKUAK EMATEN DIZKIZUGU<\/h4>\n<div class=\"lista\">\n<ul>\n<li><a href=\"https:\/\/alkihaizea.com\/sectores\/#construccion\" title=\"M\u00e1s informaci\u00f3n sobre construcci\u00f3n\" class=\"negro\">ERAIKUNTZA<\/a><\/li>\n<li><a href=\"https:\/\/alkihaizea.com\/sectores\/#jardineria\" title=\"Si tu sector es la jardiner\u00eda inf\u00f3rmate aqu\u00ed\" class=\"negro\">LOREZAINTZA<\/a><\/li>\n<li><a href=\"https:\/\/alkihaizea.com\/sectores\/#eventos\" title=\"Toda la informaci\u00f3n relacionada con eventos\" class=\"negro\">EKITALDIAK<\/a><\/li>\n<li><a href=\"https:\/\/alkihaizea.com\/sectores\/#industria\" title=\"Conoce m\u00e1s sobre el sector de la industria\" class=\"negro\">INDUSTRIA<\/a><\/li>\n<\/ul>\n<\/div>\n<\/div>\n<\/div>\n","protected":false},"excerpt":{"rendered":"<p>Lege oharra Xedea Zerbitzu-emaileak, webgunearen arduradun izanik, erabiltzaileen esku jarri du honako dokumentu hau, informazioaren gizarteko eta merkataritza elektronikoko zerbitzuei buruzko 34\/2002 Legeak xedaturiko betebeharrak betetzeko, baita webgunearen erabiltzaile guztiei hura erabiltzeko baldintzen berri emateko ere. Webgunean sartuz gero erabiltzeko baldintza orokor hauek erabat ulertutzat eta onartutzat joko dira. Erabiltzaileak konpromisoa hartzen du webgunea eta [&hellip;]<\/p>\n","protected":false},"author":6,"featured_media":0,"parent":0,"menu_order":0,"comment_status":"closed","ping_status":"closed","template":"interior.php","meta":{"footnotes":""},"class_list":["post-762","page","type-page","status-publish","hentry"],"yoast_head":"<!-- This site is optimized with the Yoast SEO plugin v27.4 - https:\/\/yoast.com\/product\/yoast-seo-wordpress\/ -->\n<title>Lege oharra - Alki Haizea<\/title>\n<meta name=\"robots\" content=\"index, follow, max-snippet:-1, max-image-preview:large, max-video-preview:-1\" \/>\n<link rel=\"canonical\" href=\"https:\/\/alkihaizea.com\/eu\/lege-oharra\/\" \/>\n<meta property=\"og:locale\" content=\"eu_ES\" \/>\n<meta property=\"og:type\" content=\"article\" \/>\n<meta property=\"og:title\" content=\"Lege oharra - Alki Haizea\" \/>\n<meta property=\"og:description\" content=\"Lege oharra Xedea Zerbitzu-emaileak, webgunearen arduradun izanik, erabiltzaileen esku jarri du honako dokumentu hau, informazioaren gizarteko eta merkataritza elektronikoko zerbitzuei buruzko 34\/2002 Legeak xedaturiko betebeharrak betetzeko, baita webgunearen erabiltzaile guztiei hura erabiltzeko baldintzen berri emateko ere. Webgunean sartuz gero erabiltzeko baldintza orokor hauek erabat ulertutzat eta onartutzat joko dira. Erabiltzaileak konpromisoa hartzen du webgunea eta [&hellip;]\" \/>\n<meta property=\"og:url\" content=\"https:\/\/alkihaizea.com\/eu\/lege-oharra\/\" \/>\n<meta property=\"og:site_name\" content=\"Alki Haizea\" \/>\n<meta property=\"article:modified_time\" content=\"2019-11-05T14:23:36+00:00\" \/>\n<meta name=\"twitter:card\" content=\"summary_large_image\" \/>\n<meta name=\"twitter:label1\" content=\"Est. reading time\" \/>\n\t<meta name=\"twitter:data1\" content=\"4 minutes\" \/>\n<script type=\"application\/ld+json\" class=\"yoast-schema-graph\">{\"@context\":\"https:\\\/\\\/schema.org\",\"@graph\":[{\"@type\":\"WebPage\",\"@id\":\"https:\\\/\\\/alkihaizea.com\\\/eu\\\/lege-oharra\\\/\",\"url\":\"https:\\\/\\\/alkihaizea.com\\\/eu\\\/lege-oharra\\\/\",\"name\":\"Lege oharra - Alki Haizea\",\"isPartOf\":{\"@id\":\"https:\\\/\\\/alkihaizea.com\\\/#website\"},\"datePublished\":\"2019-03-08T07:47:19+00:00\",\"dateModified\":\"2019-11-05T14:23:36+00:00\",\"breadcrumb\":{\"@id\":\"https:\\\/\\\/alkihaizea.com\\\/eu\\\/lege-oharra\\\/#breadcrumb\"},\"inLanguage\":\"eu-ES\",\"potentialAction\":[{\"@type\":\"ReadAction\",\"target\":[\"https:\\\/\\\/alkihaizea.com\\\/eu\\\/lege-oharra\\\/\"]}]},{\"@type\":\"BreadcrumbList\",\"@id\":\"https:\\\/\\\/alkihaizea.com\\\/eu\\\/lege-oharra\\\/#breadcrumb\",\"itemListElement\":[{\"@type\":\"ListItem\",\"position\":1,\"name\":\"Portada\",\"item\":\"https:\\\/\\\/alkihaizea.com\\\/eu\\\/\"},{\"@type\":\"ListItem\",\"position\":2,\"name\":\"Lege oharra\"}]},{\"@type\":\"WebSite\",\"@id\":\"https:\\\/\\\/alkihaizea.com\\\/#website\",\"url\":\"https:\\\/\\\/alkihaizea.com\\\/\",\"name\":\"Alki Haizea\",\"description\":\"Alquiler y venta de maquinaria\",\"publisher\":{\"@id\":\"https:\\\/\\\/alkihaizea.com\\\/#organization\"},\"potentialAction\":[{\"@type\":\"SearchAction\",\"target\":{\"@type\":\"EntryPoint\",\"urlTemplate\":\"https:\\\/\\\/alkihaizea.com\\\/?s={search_term_string}\"},\"query-input\":{\"@type\":\"PropertyValueSpecification\",\"valueRequired\":true,\"valueName\":\"search_term_string\"}}],\"inLanguage\":\"eu-ES\"},{\"@type\":\"Organization\",\"@id\":\"https:\\\/\\\/alkihaizea.com\\\/#organization\",\"name\":\"Alki Haizea\",\"url\":\"https:\\\/\\\/alkihaizea.com\\\/\",\"logo\":{\"@type\":\"ImageObject\",\"inLanguage\":\"eu-ES\",\"@id\":\"https:\\\/\\\/alkihaizea.com\\\/#\\\/schema\\\/logo\\\/image\\\/\",\"url\":\"https:\\\/\\\/alkihaizea.com\\\/wp-content\\\/uploads\\\/2018\\\/05\\\/logotipo-v-alkihaizea.jpg\",\"contentUrl\":\"https:\\\/\\\/alkihaizea.com\\\/wp-content\\\/uploads\\\/2018\\\/05\\\/logotipo-v-alkihaizea.jpg\",\"width\":112,\"height\":70,\"caption\":\"Alki Haizea\"},\"image\":{\"@id\":\"https:\\\/\\\/alkihaizea.com\\\/#\\\/schema\\\/logo\\\/image\\\/\"}}]}<\/script>\n<!-- \/ Yoast SEO plugin. -->","yoast_head_json":{"title":"Lege oharra - Alki Haizea","robots":{"index":"index","follow":"follow","max-snippet":"max-snippet:-1","max-image-preview":"max-image-preview:large","max-video-preview":"max-video-preview:-1"},"canonical":"https:\/\/alkihaizea.com\/eu\/lege-oharra\/","og_locale":"eu_ES","og_type":"article","og_title":"Lege oharra - Alki Haizea","og_description":"Lege oharra Xedea Zerbitzu-emaileak, webgunearen arduradun izanik, erabiltzaileen esku jarri du honako dokumentu hau, informazioaren gizarteko eta merkataritza elektronikoko zerbitzuei buruzko 34\/2002 Legeak xedaturiko betebeharrak betetzeko, baita webgunearen erabiltzaile guztiei hura erabiltzeko baldintzen berri emateko ere. Webgunean sartuz gero erabiltzeko baldintza orokor hauek erabat ulertutzat eta onartutzat joko dira. Erabiltzaileak konpromisoa hartzen du webgunea eta [&hellip;]","og_url":"https:\/\/alkihaizea.com\/eu\/lege-oharra\/","og_site_name":"Alki Haizea","article_modified_time":"2019-11-05T14:23:36+00:00","twitter_card":"summary_large_image","twitter_misc":{"Est. reading time":"4 minutes"},"schema":{"@context":"https:\/\/schema.org","@graph":[{"@type":"WebPage","@id":"https:\/\/alkihaizea.com\/eu\/lege-oharra\/","url":"https:\/\/alkihaizea.com\/eu\/lege-oharra\/","name":"Lege oharra - Alki Haizea","isPartOf":{"@id":"https:\/\/alkihaizea.com\/#website"},"datePublished":"2019-03-08T07:47:19+00:00","dateModified":"2019-11-05T14:23:36+00:00","breadcrumb":{"@id":"https:\/\/alkihaizea.com\/eu\/lege-oharra\/#breadcrumb"},"inLanguage":"eu-ES","potentialAction":[{"@type":"ReadAction","target":["https:\/\/alkihaizea.com\/eu\/lege-oharra\/"]}]},{"@type":"BreadcrumbList","@id":"https:\/\/alkihaizea.com\/eu\/lege-oharra\/#breadcrumb","itemListElement":[{"@type":"ListItem","position":1,"name":"Portada","item":"https:\/\/alkihaizea.com\/eu\/"},{"@type":"ListItem","position":2,"name":"Lege oharra"}]},{"@type":"WebSite","@id":"https:\/\/alkihaizea.com\/#website","url":"https:\/\/alkihaizea.com\/","name":"Alki Haizea","description":"Alquiler y venta de maquinaria","publisher":{"@id":"https:\/\/alkihaizea.com\/#organization"},"potentialAction":[{"@type":"SearchAction","target":{"@type":"EntryPoint","urlTemplate":"https:\/\/alkihaizea.com\/?s={search_term_string}"},"query-input":{"@type":"PropertyValueSpecification","valueRequired":true,"valueName":"search_term_string"}}],"inLanguage":"eu-ES"},{"@type":"Organization","@id":"https:\/\/alkihaizea.com\/#organization","name":"Alki Haizea","url":"https:\/\/alkihaizea.com\/","logo":{"@type":"ImageObject","inLanguage":"eu-ES","@id":"https:\/\/alkihaizea.com\/#\/schema\/logo\/image\/","url":"https:\/\/alkihaizea.com\/wp-content\/uploads\/2018\/05\/logotipo-v-alkihaizea.jpg","contentUrl":"https:\/\/alkihaizea.com\/wp-content\/uploads\/2018\/05\/logotipo-v-alkihaizea.jpg","width":112,"height":70,"caption":"Alki Haizea"},"image":{"@id":"https:\/\/alkihaizea.com\/#\/schema\/logo\/image\/"}}]}},"_links":{"self":[{"href":"https:\/\/alkihaizea.com\/eu\/wp-json\/wp\/v2\/pages\/762","targetHints":{"allow":["GET"]}}],"collection":[{"href":"https:\/\/alkihaizea.com\/eu\/wp-json\/wp\/v2\/pages"}],"about":[{"href":"https:\/\/alkihaizea.com\/eu\/wp-json\/wp\/v2\/types\/page"}],"author":[{"embeddable":true,"href":"https:\/\/alkihaizea.com\/eu\/wp-json\/wp\/v2\/users\/6"}],"replies":[{"embeddable":true,"href":"https:\/\/alkihaizea.com\/eu\/wp-json\/wp\/v2\/comments?post=762"}],"version-history":[{"count":15,"href":"https:\/\/alkihaizea.com\/eu\/wp-json\/wp\/v2\/pages\/762\/revisions"}],"predecessor-version":[{"id":873,"href":"https:\/\/alkihaizea.com\/eu\/wp-json\/wp\/v2\/pages\/762\/revisions\/873"}],"wp:attachment":[{"href":"https:\/\/alkihaizea.com\/eu\/wp-json\/wp\/v2\/media?parent=762"}],"curies":[{"name":"wp","href":"https:\/\/api.w.org\/{rel}","templated":true}]}}