{"id":722,"date":"2018-07-27T11:54:02","date_gmt":"2018-07-27T09:54:02","guid":{"rendered":"https:\/\/alkihaizea.com\/?page_id=722"},"modified":"2019-08-22T09:20:55","modified_gmt":"2019-08-22T07:20:55","slug":"kalitate-politika","status":"publish","type":"page","link":"https:\/\/alkihaizea.com\/eu\/kalitate-politika\/","title":{"rendered":"Kalitate politika"},"content":{"rendered":"<div class=\"separador\"><\/div>\n<div class=\"main\">\n<h1>Kalitate politika<\/h1>\n<div class=\"puntos\"><\/div>\n<div class=\"main-estrecho\">\n<p>ALKIHAIZEAk kalitatearen alde egin du makineria alokatu eta saltzeko zerbitzuak ematean, eta, horrenbestez, faktore garrantzitsuen moduan, gure bezeroei arreta profesionala eta pertsonalizatua ematea ezarri du. Hartara, emandako zerbitzuek aplikatzekoak diren legezko eta kalitateko betebehar guztiak beteko dituzte, eta bai gure bezeroen gogobetetasun-itxaropenak ere.<\/p>\n<h2>KONPONBIDEAK ALOKATZEN DITUGU<\/h2>\n<p>Politika honen arabera, Kalitatea Kudeatzeko bere sisteman, ALKIHAIZEAk UNE-EN ISO 9001 Arauaren ildoak hartu ditu. Bertako baldintzak betetzeko konpromisoa hartu du, barnean hartuta legezkoak, eta bai prozesuen eta kalitatea kudeatzeko bere sistemaren eraginkortasuna etengabe hotzekoa ere.<\/p>\n<p>Politika hau berrikusi eta mantendu egingo da, erakundearen helburu eta testuingururako egokia izan dadin, bere norabide estrategikoa lagundu dezan eta kalitatearen helburuak finkatzean erreferentziazko esparru bat eman dezan.<\/p>\n<p><img decoding=\"async\" src=\"https:\/\/alkihaizea.com\/wp-content\/uploads\/2018\/07\/firma.png\" alt=\"\"><\/p>\n<p style=\"text-align:right\">2018ko maiatzaren 14an<\/p>\n<\/div>\n<\/div>\n<div class=\"separador\"><\/div>\n<div>\n<div id=\"footer-left\">\n<div class=\"pie-left\">\n<h4 class=\"slab azul\">LAN MOTA BAKOITZERAKO EGOKIENA DEN MAKINERIARI BURUZKO AHOLKUAK EMATEN DIZKIZUGU<\/h4>\n<div class=\"lista\">\n<ul>\n<li><a href=\"https:\/\/alkihaizea.com\/sektoreak\/#eraikuntza\" title=\"M\u00e1s informaci\u00f3n sobre construcci\u00f3n\" class=\"negro\">ERAIKUNTZA<\/a><\/li>\n<li><a href=\"https:\/\/alkihaizea.com\/sektoreak\/#lorezaintza\" title=\"Si tu sector es la jardiner\u00eda inf\u00f3rmate aqu\u00ed\" class=\"negro\">LOREZAINTZA<\/a><\/li>\n<li><a href=\"https:\/\/alkihaizea.com\/sektoreak\/#ekitaldiak\" title=\"Toda la informaci\u00f3n relacionada con eventos\" class=\"negro\">EKITALDIAK<\/a><\/li>\n<li><a href=\"https:\/\/alkihaizea.com\/sektoreak\/#industria\" title=\"Conoce m\u00e1s sobre el sector de la industria\" class=\"negro\">INDUSTRIA<\/a><\/li>\n<\/ul>\n<\/div>\n<\/div>\n<\/div>\n","protected":false},"excerpt":{"rendered":"<p>Kalitate politika ALKIHAIZEAk kalitatearen alde egin du makineria alokatu eta saltzeko zerbitzuak ematean, eta, horrenbestez, faktore garrantzitsuen moduan, gure bezeroei arreta profesionala eta pertsonalizatua ematea ezarri du. Hartara, emandako zerbitzuek aplikatzekoak diren legezko eta kalitateko betebehar guztiak beteko dituzte, eta bai gure bezeroen gogobetetasun-itxaropenak ere. KONPONBIDEAK ALOKATZEN DITUGU Politika honen arabera, Kalitatea Kudeatzeko bere sisteman, [&hellip;]<\/p>\n","protected":false},"author":6,"featured_media":0,"parent":0,"menu_order":0,"comment_status":"closed","ping_status":"closed","template":"interior.php","meta":{"footnotes":""},"class_list":["post-722","page","type-page","status-publish","hentry"],"yoast_head":"<!-- This site is optimized with the Yoast SEO plugin v27.4 - https:\/\/yoast.com\/product\/yoast-seo-wordpress\/ -->\n<title>Kalitate politika - Alki Haizea<\/title>\n<meta name=\"robots\" content=\"index, follow, max-snippet:-1, max-image-preview:large, max-video-preview:-1\" \/>\n<link rel=\"canonical\" href=\"https:\/\/alkihaizea.com\/eu\/kalitate-politika\/\" \/>\n<meta property=\"og:locale\" content=\"eu_ES\" \/>\n<meta property=\"og:type\" content=\"article\" \/>\n<meta property=\"og:title\" content=\"Kalitate politika - Alki Haizea\" \/>\n<meta property=\"og:description\" content=\"Kalitate politika ALKIHAIZEAk kalitatearen alde egin du makineria alokatu eta saltzeko zerbitzuak ematean, eta, horrenbestez, faktore garrantzitsuen moduan, gure bezeroei arreta profesionala eta pertsonalizatua ematea ezarri du. Hartara, emandako zerbitzuek aplikatzekoak diren legezko eta kalitateko betebehar guztiak beteko dituzte, eta bai gure bezeroen gogobetetasun-itxaropenak ere. KONPONBIDEAK ALOKATZEN DITUGU Politika honen arabera, Kalitatea Kudeatzeko bere sisteman, [&hellip;]\" \/>\n<meta property=\"og:url\" content=\"https:\/\/alkihaizea.com\/eu\/kalitate-politika\/\" \/>\n<meta property=\"og:site_name\" content=\"Alki Haizea\" \/>\n<meta property=\"article:modified_time\" content=\"2019-08-22T07:20:55+00:00\" \/>\n<meta property=\"og:image\" content=\"https:\/\/alkihaizea.com\/wp-content\/uploads\/2018\/07\/firma.png\" \/>\n<meta name=\"twitter:card\" content=\"summary_large_image\" \/>\n<meta name=\"twitter:label1\" content=\"Est. reading time\" \/>\n\t<meta name=\"twitter:data1\" content=\"1 minute\" \/>\n<script type=\"application\/ld+json\" class=\"yoast-schema-graph\">{\"@context\":\"https:\\\/\\\/schema.org\",\"@graph\":[{\"@type\":\"WebPage\",\"@id\":\"https:\\\/\\\/alkihaizea.com\\\/eu\\\/kalitate-politika\\\/\",\"url\":\"https:\\\/\\\/alkihaizea.com\\\/eu\\\/kalitate-politika\\\/\",\"name\":\"Kalitate politika - Alki Haizea\",\"isPartOf\":{\"@id\":\"https:\\\/\\\/alkihaizea.com\\\/#website\"},\"primaryImageOfPage\":{\"@id\":\"https:\\\/\\\/alkihaizea.com\\\/eu\\\/kalitate-politika\\\/#primaryimage\"},\"image\":{\"@id\":\"https:\\\/\\\/alkihaizea.com\\\/eu\\\/kalitate-politika\\\/#primaryimage\"},\"thumbnailUrl\":\"https:\\\/\\\/alkihaizea.com\\\/wp-content\\\/uploads\\\/2018\\\/07\\\/firma.png\",\"datePublished\":\"2018-07-27T09:54:02+00:00\",\"dateModified\":\"2019-08-22T07:20:55+00:00\",\"breadcrumb\":{\"@id\":\"https:\\\/\\\/alkihaizea.com\\\/eu\\\/kalitate-politika\\\/#breadcrumb\"},\"inLanguage\":\"eu-ES\",\"potentialAction\":[{\"@type\":\"ReadAction\",\"target\":[\"https:\\\/\\\/alkihaizea.com\\\/eu\\\/kalitate-politika\\\/\"]}]},{\"@type\":\"ImageObject\",\"inLanguage\":\"eu-ES\",\"@id\":\"https:\\\/\\\/alkihaizea.com\\\/eu\\\/kalitate-politika\\\/#primaryimage\",\"url\":\"https:\\\/\\\/alkihaizea.com\\\/wp-content\\\/uploads\\\/2018\\\/07\\\/firma.png\",\"contentUrl\":\"https:\\\/\\\/alkihaizea.com\\\/wp-content\\\/uploads\\\/2018\\\/07\\\/firma.png\"},{\"@type\":\"BreadcrumbList\",\"@id\":\"https:\\\/\\\/alkihaizea.com\\\/eu\\\/kalitate-politika\\\/#breadcrumb\",\"itemListElement\":[{\"@type\":\"ListItem\",\"position\":1,\"name\":\"Portada\",\"item\":\"https:\\\/\\\/alkihaizea.com\\\/eu\\\/\"},{\"@type\":\"ListItem\",\"position\":2,\"name\":\"Kalitate politika\"}]},{\"@type\":\"WebSite\",\"@id\":\"https:\\\/\\\/alkihaizea.com\\\/#website\",\"url\":\"https:\\\/\\\/alkihaizea.com\\\/\",\"name\":\"Alki Haizea\",\"description\":\"Alquiler y venta de maquinaria\",\"publisher\":{\"@id\":\"https:\\\/\\\/alkihaizea.com\\\/#organization\"},\"potentialAction\":[{\"@type\":\"SearchAction\",\"target\":{\"@type\":\"EntryPoint\",\"urlTemplate\":\"https:\\\/\\\/alkihaizea.com\\\/?s={search_term_string}\"},\"query-input\":{\"@type\":\"PropertyValueSpecification\",\"valueRequired\":true,\"valueName\":\"search_term_string\"}}],\"inLanguage\":\"eu-ES\"},{\"@type\":\"Organization\",\"@id\":\"https:\\\/\\\/alkihaizea.com\\\/#organization\",\"name\":\"Alki Haizea\",\"url\":\"https:\\\/\\\/alkihaizea.com\\\/\",\"logo\":{\"@type\":\"ImageObject\",\"inLanguage\":\"eu-ES\",\"@id\":\"https:\\\/\\\/alkihaizea.com\\\/#\\\/schema\\\/logo\\\/image\\\/\",\"url\":\"https:\\\/\\\/alkihaizea.com\\\/wp-content\\\/uploads\\\/2018\\\/05\\\/logotipo-v-alkihaizea.jpg\",\"contentUrl\":\"https:\\\/\\\/alkihaizea.com\\\/wp-content\\\/uploads\\\/2018\\\/05\\\/logotipo-v-alkihaizea.jpg\",\"width\":112,\"height\":70,\"caption\":\"Alki Haizea\"},\"image\":{\"@id\":\"https:\\\/\\\/alkihaizea.com\\\/#\\\/schema\\\/logo\\\/image\\\/\"}}]}<\/script>\n<!-- \/ Yoast SEO plugin. -->","yoast_head_json":{"title":"Kalitate politika - Alki Haizea","robots":{"index":"index","follow":"follow","max-snippet":"max-snippet:-1","max-image-preview":"max-image-preview:large","max-video-preview":"max-video-preview:-1"},"canonical":"https:\/\/alkihaizea.com\/eu\/kalitate-politika\/","og_locale":"eu_ES","og_type":"article","og_title":"Kalitate politika - Alki Haizea","og_description":"Kalitate politika ALKIHAIZEAk kalitatearen alde egin du makineria alokatu eta saltzeko zerbitzuak ematean, eta, horrenbestez, faktore garrantzitsuen moduan, gure bezeroei arreta profesionala eta pertsonalizatua ematea ezarri du. Hartara, emandako zerbitzuek aplikatzekoak diren legezko eta kalitateko betebehar guztiak beteko dituzte, eta bai gure bezeroen gogobetetasun-itxaropenak ere. KONPONBIDEAK ALOKATZEN DITUGU Politika honen arabera, Kalitatea Kudeatzeko bere sisteman, [&hellip;]","og_url":"https:\/\/alkihaizea.com\/eu\/kalitate-politika\/","og_site_name":"Alki Haizea","article_modified_time":"2019-08-22T07:20:55+00:00","og_image":[{"url":"https:\/\/alkihaizea.com\/wp-content\/uploads\/2018\/07\/firma.png","type":"","width":"","height":""}],"twitter_card":"summary_large_image","twitter_misc":{"Est. reading time":"1 minute"},"schema":{"@context":"https:\/\/schema.org","@graph":[{"@type":"WebPage","@id":"https:\/\/alkihaizea.com\/eu\/kalitate-politika\/","url":"https:\/\/alkihaizea.com\/eu\/kalitate-politika\/","name":"Kalitate politika - Alki Haizea","isPartOf":{"@id":"https:\/\/alkihaizea.com\/#website"},"primaryImageOfPage":{"@id":"https:\/\/alkihaizea.com\/eu\/kalitate-politika\/#primaryimage"},"image":{"@id":"https:\/\/alkihaizea.com\/eu\/kalitate-politika\/#primaryimage"},"thumbnailUrl":"https:\/\/alkihaizea.com\/wp-content\/uploads\/2018\/07\/firma.png","datePublished":"2018-07-27T09:54:02+00:00","dateModified":"2019-08-22T07:20:55+00:00","breadcrumb":{"@id":"https:\/\/alkihaizea.com\/eu\/kalitate-politika\/#breadcrumb"},"inLanguage":"eu-ES","potentialAction":[{"@type":"ReadAction","target":["https:\/\/alkihaizea.com\/eu\/kalitate-politika\/"]}]},{"@type":"ImageObject","inLanguage":"eu-ES","@id":"https:\/\/alkihaizea.com\/eu\/kalitate-politika\/#primaryimage","url":"https:\/\/alkihaizea.com\/wp-content\/uploads\/2018\/07\/firma.png","contentUrl":"https:\/\/alkihaizea.com\/wp-content\/uploads\/2018\/07\/firma.png"},{"@type":"BreadcrumbList","@id":"https:\/\/alkihaizea.com\/eu\/kalitate-politika\/#breadcrumb","itemListElement":[{"@type":"ListItem","position":1,"name":"Portada","item":"https:\/\/alkihaizea.com\/eu\/"},{"@type":"ListItem","position":2,"name":"Kalitate politika"}]},{"@type":"WebSite","@id":"https:\/\/alkihaizea.com\/#website","url":"https:\/\/alkihaizea.com\/","name":"Alki Haizea","description":"Alquiler y venta de maquinaria","publisher":{"@id":"https:\/\/alkihaizea.com\/#organization"},"potentialAction":[{"@type":"SearchAction","target":{"@type":"EntryPoint","urlTemplate":"https:\/\/alkihaizea.com\/?s={search_term_string}"},"query-input":{"@type":"PropertyValueSpecification","valueRequired":true,"valueName":"search_term_string"}}],"inLanguage":"eu-ES"},{"@type":"Organization","@id":"https:\/\/alkihaizea.com\/#organization","name":"Alki Haizea","url":"https:\/\/alkihaizea.com\/","logo":{"@type":"ImageObject","inLanguage":"eu-ES","@id":"https:\/\/alkihaizea.com\/#\/schema\/logo\/image\/","url":"https:\/\/alkihaizea.com\/wp-content\/uploads\/2018\/05\/logotipo-v-alkihaizea.jpg","contentUrl":"https:\/\/alkihaizea.com\/wp-content\/uploads\/2018\/05\/logotipo-v-alkihaizea.jpg","width":112,"height":70,"caption":"Alki Haizea"},"image":{"@id":"https:\/\/alkihaizea.com\/#\/schema\/logo\/image\/"}}]}},"_links":{"self":[{"href":"https:\/\/alkihaizea.com\/eu\/wp-json\/wp\/v2\/pages\/722","targetHints":{"allow":["GET"]}}],"collection":[{"href":"https:\/\/alkihaizea.com\/eu\/wp-json\/wp\/v2\/pages"}],"about":[{"href":"https:\/\/alkihaizea.com\/eu\/wp-json\/wp\/v2\/types\/page"}],"author":[{"embeddable":true,"href":"https:\/\/alkihaizea.com\/eu\/wp-json\/wp\/v2\/users\/6"}],"replies":[{"embeddable":true,"href":"https:\/\/alkihaizea.com\/eu\/wp-json\/wp\/v2\/comments?post=722"}],"version-history":[{"count":7,"href":"https:\/\/alkihaizea.com\/eu\/wp-json\/wp\/v2\/pages\/722\/revisions"}],"predecessor-version":[{"id":829,"href":"https:\/\/alkihaizea.com\/eu\/wp-json\/wp\/v2\/pages\/722\/revisions\/829"}],"wp:attachment":[{"href":"https:\/\/alkihaizea.com\/eu\/wp-json\/wp\/v2\/media?parent=722"}],"curies":[{"name":"wp","href":"https:\/\/api.w.org\/{rel}","templated":true}]}}