{"id":396,"date":"2018-06-20T19:21:36","date_gmt":"2018-06-20T17:21:36","guid":{"rendered":"https:\/\/alkihaizea.com\/?page_id=396"},"modified":"2018-08-31T09:10:44","modified_gmt":"2018-08-31T07:10:44","slug":"kalitatea","status":"publish","type":"page","link":"https:\/\/alkihaizea.com\/eu\/kalitatea\/","title":{"rendered":"Kalitatea"},"content":{"rendered":"<div class=\"separador\"><\/div>\n<div class=\"main\">\n<h1>LEGEAK EZARTZEN DITUEN KONTROL ETA BERRIKUSPEN GUZTIAK PASATZEN DITU GURE MAKINERIAK, ZURE SEGURTASUNA ETA OPERATIBITATEA BERMATZEKO PREZIO ONENEAN <\/h1>\n<div class=\"puntos\"><\/div>\n<h2>Gure makineriaren kalitatea eta egoera ona egiaztatzen duten ziurtagiri hauek ditugu:<\/h2>\n<div class=\"center padding certificados\"><a href=\"https:\/\/alkihaizea.com\/wp-content\/uploads\/pdf\/CertificadoER-0980-2002_ES_2018-08-14.pdf\" title=\"Ver el certificado\" target=\"_blank\"><img decoding=\"async\" src=\"https:\/\/alkihaizea.com\/wp-content\/themes\/alkihaizea\/images\/aenor-alkihaizea.jpg\" alt=\"Icono Aenor\" title=\"Empresa registrada en Aenor\" width=\"100%\" height=\"auto\" \/><\/a><a href=\"https:\/\/alkihaizea.com\/wp-content\/uploads\/pdf\/IQNetES-0980-2002_2018-08-14.pdf\" title=\"Ver el certificado\" target=\"_blank\"><img decoding=\"async\" src=\"https:\/\/alkihaizea.com\/wp-content\/themes\/alkihaizea\/images\/certified-iqnet-alkihaizea.jpg\" alt=\"Icono IqNet\" title=\"Certificado IqNet\" width=\"100%\" height=\"auto\" \/><\/a><a href=\"https:\/\/alkihaizea.com\/wp-content\/uploads\/pdf\/ASEAMAC_Certificado_acreditacion_ALKIHAIZEA_180328_ES.pdf\" title=\"Ver el certificado\" target=\"_blank\"><img decoding=\"async\" src=\"https:\/\/alkihaizea.com\/wp-content\/themes\/alkihaizea\/images\/aseamac-alkihaizea.jpg\" alt=\"Icono Aseamac\" title=\"Certificado Aseamac\" width=\"100%\" height=\"auto\" \/><\/a>\n<\/div>\n<\/div>\n<div class=\"main padding\">\n<div class=\"mitad\">\n<div class=\"hr-azul\"><\/div>\n<p class=\"txt-padding\">Beste alde batetik, gure langileen segurtasunarekin ere hartua dugu konpromisoa. Hori dela-eta, denbora honetan, hainbat programatan parte hartu dugu, besteak beste, Lotu izenekoan. Zehazki, laneko arriskuei aurrea hartzeko ekimena da, eraikuntzan altueratik erorikoak saihestera bideratutakoa. <\/p>\n<\/div>\n<div class=\"mitad\">\n<div class=\"hr-azul\"><\/div>\n<p class=\"txt-padding\">Gainera, ANAPAT elkarteko kideak gara (Asociaci\u00f3n Nacional de Alquiladores de Plataformas A\u00e9reas de Trabajo). Plataformak alokatzen aritzen direnen interesen alde egiten eta gurea bezalako enpresen funtzionamendu ona bermatzen aritzen da.<\/p>\n<\/div>\n<div class=\"clear\"><\/div>\n<\/div>\n<div class=\"separador\"><\/div>\n<div>\n<div id=\"footer-left\">\n<div class=\"pie-left\">\n<h4 class=\"slab azul\">LAN MOTA BAKOITZERAKO EGOKIENA DEN MAKINERIARI BURUZKO AHOLKUAK EMATEN DIZKIZUGU<\/h4>\n<div class=\"lista\">\n<ul>\n<li><a href=\"https:\/\/alkihaizea.com\/sectores\/#construccion\" title=\"M\u00e1s informaci\u00f3n sobre construcci\u00f3n\" class=\"negro\">ERAIKUNTZA<\/a><\/li>\n<li><a href=\"https:\/\/alkihaizea.com\/sectores\/#jardineria\" title=\"Si tu sector es la jardiner\u00eda inf\u00f3rmate aqu\u00ed\" class=\"negro\">LOREZAINTZA<\/a><\/li>\n<li><a href=\"https:\/\/alkihaizea.com\/sectores\/#eventos\" title=\"Toda la informaci\u00f3n relacionada con eventos\" class=\"negro\">EKITALDIAK<\/a><\/li>\n<li><a href=\"https:\/\/alkihaizea.com\/sectores\/#industria\" title=\"Conoce m\u00e1s sobre el sector de la industria\" class=\"negro\">INDUSTRIA<\/a><\/li>\n<\/ul>\n<\/div>\n<\/div>\n<\/div>\n","protected":false},"excerpt":{"rendered":"<p>LEGEAK EZARTZEN DITUEN KONTROL ETA BERRIKUSPEN GUZTIAK PASATZEN DITU GURE MAKINERIAK, ZURE SEGURTASUNA ETA OPERATIBITATEA BERMATZEKO PREZIO ONENEAN Gure makineriaren kalitatea eta egoera ona egiaztatzen duten ziurtagiri hauek ditugu: Beste alde batetik, gure langileen segurtasunarekin ere hartua dugu konpromisoa. Hori dela-eta, denbora honetan, hainbat programatan parte hartu dugu, besteak beste, Lotu izenekoan. Zehazki, laneko arriskuei [&hellip;]<\/p>\n","protected":false},"author":3,"featured_media":0,"parent":0,"menu_order":0,"comment_status":"closed","ping_status":"closed","template":"interior.php","meta":{"footnotes":""},"class_list":["post-396","page","type-page","status-publish","hentry"],"yoast_head":"<!-- This site is optimized with the Yoast SEO plugin v27.4 - https:\/\/yoast.com\/product\/yoast-seo-wordpress\/ -->\n<title>Kalitatea - Alki Haizea<\/title>\n<meta name=\"robots\" content=\"index, follow, max-snippet:-1, max-image-preview:large, max-video-preview:-1\" \/>\n<link rel=\"canonical\" href=\"https:\/\/alkihaizea.com\/eu\/kalitatea\/\" \/>\n<meta property=\"og:locale\" content=\"eu_ES\" \/>\n<meta property=\"og:type\" content=\"article\" \/>\n<meta property=\"og:title\" content=\"Kalitatea - Alki Haizea\" \/>\n<meta property=\"og:description\" content=\"LEGEAK EZARTZEN DITUEN KONTROL ETA BERRIKUSPEN GUZTIAK PASATZEN DITU GURE MAKINERIAK, ZURE SEGURTASUNA ETA OPERATIBITATEA BERMATZEKO PREZIO ONENEAN Gure makineriaren kalitatea eta egoera ona egiaztatzen duten ziurtagiri hauek ditugu: Beste alde batetik, gure langileen segurtasunarekin ere hartua dugu konpromisoa. Hori dela-eta, denbora honetan, hainbat programatan parte hartu dugu, besteak beste, Lotu izenekoan. Zehazki, laneko arriskuei [&hellip;]\" \/>\n<meta property=\"og:url\" content=\"https:\/\/alkihaizea.com\/eu\/kalitatea\/\" \/>\n<meta property=\"og:site_name\" content=\"Alki Haizea\" \/>\n<meta property=\"article:modified_time\" content=\"2018-08-31T07:10:44+00:00\" \/>\n<meta property=\"og:image\" content=\"https:\/\/alkihaizea.com\/wp-content\/themes\/alkihaizea\/images\/aenor-alkihaizea.jpg\" \/>\n<meta name=\"twitter:card\" content=\"summary_large_image\" \/>\n<meta name=\"twitter:label1\" content=\"Est. reading time\" \/>\n\t<meta name=\"twitter:data1\" content=\"1 minute\" \/>\n<script type=\"application\/ld+json\" class=\"yoast-schema-graph\">{\"@context\":\"https:\\\/\\\/schema.org\",\"@graph\":[{\"@type\":\"WebPage\",\"@id\":\"https:\\\/\\\/alkihaizea.com\\\/eu\\\/kalitatea\\\/\",\"url\":\"https:\\\/\\\/alkihaizea.com\\\/eu\\\/kalitatea\\\/\",\"name\":\"Kalitatea - Alki Haizea\",\"isPartOf\":{\"@id\":\"https:\\\/\\\/alkihaizea.com\\\/#website\"},\"primaryImageOfPage\":{\"@id\":\"https:\\\/\\\/alkihaizea.com\\\/eu\\\/kalitatea\\\/#primaryimage\"},\"image\":{\"@id\":\"https:\\\/\\\/alkihaizea.com\\\/eu\\\/kalitatea\\\/#primaryimage\"},\"thumbnailUrl\":\"https:\\\/\\\/alkihaizea.com\\\/wp-content\\\/themes\\\/alkihaizea\\\/images\\\/aenor-alkihaizea.jpg\",\"datePublished\":\"2018-06-20T17:21:36+00:00\",\"dateModified\":\"2018-08-31T07:10:44+00:00\",\"breadcrumb\":{\"@id\":\"https:\\\/\\\/alkihaizea.com\\\/eu\\\/kalitatea\\\/#breadcrumb\"},\"inLanguage\":\"eu-ES\",\"potentialAction\":[{\"@type\":\"ReadAction\",\"target\":[\"https:\\\/\\\/alkihaizea.com\\\/eu\\\/kalitatea\\\/\"]}]},{\"@type\":\"ImageObject\",\"inLanguage\":\"eu-ES\",\"@id\":\"https:\\\/\\\/alkihaizea.com\\\/eu\\\/kalitatea\\\/#primaryimage\",\"url\":\"https:\\\/\\\/alkihaizea.com\\\/wp-content\\\/themes\\\/alkihaizea\\\/images\\\/aenor-alkihaizea.jpg\",\"contentUrl\":\"https:\\\/\\\/alkihaizea.com\\\/wp-content\\\/themes\\\/alkihaizea\\\/images\\\/aenor-alkihaizea.jpg\"},{\"@type\":\"BreadcrumbList\",\"@id\":\"https:\\\/\\\/alkihaizea.com\\\/eu\\\/kalitatea\\\/#breadcrumb\",\"itemListElement\":[{\"@type\":\"ListItem\",\"position\":1,\"name\":\"Portada\",\"item\":\"https:\\\/\\\/alkihaizea.com\\\/eu\\\/\"},{\"@type\":\"ListItem\",\"position\":2,\"name\":\"Kalitatea\"}]},{\"@type\":\"WebSite\",\"@id\":\"https:\\\/\\\/alkihaizea.com\\\/#website\",\"url\":\"https:\\\/\\\/alkihaizea.com\\\/\",\"name\":\"Alki Haizea\",\"description\":\"Alquiler y venta de maquinaria\",\"publisher\":{\"@id\":\"https:\\\/\\\/alkihaizea.com\\\/#organization\"},\"potentialAction\":[{\"@type\":\"SearchAction\",\"target\":{\"@type\":\"EntryPoint\",\"urlTemplate\":\"https:\\\/\\\/alkihaizea.com\\\/?s={search_term_string}\"},\"query-input\":{\"@type\":\"PropertyValueSpecification\",\"valueRequired\":true,\"valueName\":\"search_term_string\"}}],\"inLanguage\":\"eu-ES\"},{\"@type\":\"Organization\",\"@id\":\"https:\\\/\\\/alkihaizea.com\\\/#organization\",\"name\":\"Alki Haizea\",\"url\":\"https:\\\/\\\/alkihaizea.com\\\/\",\"logo\":{\"@type\":\"ImageObject\",\"inLanguage\":\"eu-ES\",\"@id\":\"https:\\\/\\\/alkihaizea.com\\\/#\\\/schema\\\/logo\\\/image\\\/\",\"url\":\"https:\\\/\\\/alkihaizea.com\\\/wp-content\\\/uploads\\\/2018\\\/05\\\/logotipo-v-alkihaizea.jpg\",\"contentUrl\":\"https:\\\/\\\/alkihaizea.com\\\/wp-content\\\/uploads\\\/2018\\\/05\\\/logotipo-v-alkihaizea.jpg\",\"width\":112,\"height\":70,\"caption\":\"Alki Haizea\"},\"image\":{\"@id\":\"https:\\\/\\\/alkihaizea.com\\\/#\\\/schema\\\/logo\\\/image\\\/\"}}]}<\/script>\n<!-- \/ Yoast SEO plugin. -->","yoast_head_json":{"title":"Kalitatea - Alki Haizea","robots":{"index":"index","follow":"follow","max-snippet":"max-snippet:-1","max-image-preview":"max-image-preview:large","max-video-preview":"max-video-preview:-1"},"canonical":"https:\/\/alkihaizea.com\/eu\/kalitatea\/","og_locale":"eu_ES","og_type":"article","og_title":"Kalitatea - Alki Haizea","og_description":"LEGEAK EZARTZEN DITUEN KONTROL ETA BERRIKUSPEN GUZTIAK PASATZEN DITU GURE MAKINERIAK, ZURE SEGURTASUNA ETA OPERATIBITATEA BERMATZEKO PREZIO ONENEAN Gure makineriaren kalitatea eta egoera ona egiaztatzen duten ziurtagiri hauek ditugu: Beste alde batetik, gure langileen segurtasunarekin ere hartua dugu konpromisoa. Hori dela-eta, denbora honetan, hainbat programatan parte hartu dugu, besteak beste, Lotu izenekoan. Zehazki, laneko arriskuei [&hellip;]","og_url":"https:\/\/alkihaizea.com\/eu\/kalitatea\/","og_site_name":"Alki Haizea","article_modified_time":"2018-08-31T07:10:44+00:00","og_image":[{"url":"https:\/\/alkihaizea.com\/wp-content\/themes\/alkihaizea\/images\/aenor-alkihaizea.jpg","type":"","width":"","height":""}],"twitter_card":"summary_large_image","twitter_misc":{"Est. reading time":"1 minute"},"schema":{"@context":"https:\/\/schema.org","@graph":[{"@type":"WebPage","@id":"https:\/\/alkihaizea.com\/eu\/kalitatea\/","url":"https:\/\/alkihaizea.com\/eu\/kalitatea\/","name":"Kalitatea - Alki Haizea","isPartOf":{"@id":"https:\/\/alkihaizea.com\/#website"},"primaryImageOfPage":{"@id":"https:\/\/alkihaizea.com\/eu\/kalitatea\/#primaryimage"},"image":{"@id":"https:\/\/alkihaizea.com\/eu\/kalitatea\/#primaryimage"},"thumbnailUrl":"https:\/\/alkihaizea.com\/wp-content\/themes\/alkihaizea\/images\/aenor-alkihaizea.jpg","datePublished":"2018-06-20T17:21:36+00:00","dateModified":"2018-08-31T07:10:44+00:00","breadcrumb":{"@id":"https:\/\/alkihaizea.com\/eu\/kalitatea\/#breadcrumb"},"inLanguage":"eu-ES","potentialAction":[{"@type":"ReadAction","target":["https:\/\/alkihaizea.com\/eu\/kalitatea\/"]}]},{"@type":"ImageObject","inLanguage":"eu-ES","@id":"https:\/\/alkihaizea.com\/eu\/kalitatea\/#primaryimage","url":"https:\/\/alkihaizea.com\/wp-content\/themes\/alkihaizea\/images\/aenor-alkihaizea.jpg","contentUrl":"https:\/\/alkihaizea.com\/wp-content\/themes\/alkihaizea\/images\/aenor-alkihaizea.jpg"},{"@type":"BreadcrumbList","@id":"https:\/\/alkihaizea.com\/eu\/kalitatea\/#breadcrumb","itemListElement":[{"@type":"ListItem","position":1,"name":"Portada","item":"https:\/\/alkihaizea.com\/eu\/"},{"@type":"ListItem","position":2,"name":"Kalitatea"}]},{"@type":"WebSite","@id":"https:\/\/alkihaizea.com\/#website","url":"https:\/\/alkihaizea.com\/","name":"Alki Haizea","description":"Alquiler y venta de maquinaria","publisher":{"@id":"https:\/\/alkihaizea.com\/#organization"},"potentialAction":[{"@type":"SearchAction","target":{"@type":"EntryPoint","urlTemplate":"https:\/\/alkihaizea.com\/?s={search_term_string}"},"query-input":{"@type":"PropertyValueSpecification","valueRequired":true,"valueName":"search_term_string"}}],"inLanguage":"eu-ES"},{"@type":"Organization","@id":"https:\/\/alkihaizea.com\/#organization","name":"Alki Haizea","url":"https:\/\/alkihaizea.com\/","logo":{"@type":"ImageObject","inLanguage":"eu-ES","@id":"https:\/\/alkihaizea.com\/#\/schema\/logo\/image\/","url":"https:\/\/alkihaizea.com\/wp-content\/uploads\/2018\/05\/logotipo-v-alkihaizea.jpg","contentUrl":"https:\/\/alkihaizea.com\/wp-content\/uploads\/2018\/05\/logotipo-v-alkihaizea.jpg","width":112,"height":70,"caption":"Alki Haizea"},"image":{"@id":"https:\/\/alkihaizea.com\/#\/schema\/logo\/image\/"}}]}},"_links":{"self":[{"href":"https:\/\/alkihaizea.com\/eu\/wp-json\/wp\/v2\/pages\/396","targetHints":{"allow":["GET"]}}],"collection":[{"href":"https:\/\/alkihaizea.com\/eu\/wp-json\/wp\/v2\/pages"}],"about":[{"href":"https:\/\/alkihaizea.com\/eu\/wp-json\/wp\/v2\/types\/page"}],"author":[{"embeddable":true,"href":"https:\/\/alkihaizea.com\/eu\/wp-json\/wp\/v2\/users\/3"}],"replies":[{"embeddable":true,"href":"https:\/\/alkihaizea.com\/eu\/wp-json\/wp\/v2\/comments?post=396"}],"version-history":[{"count":3,"href":"https:\/\/alkihaizea.com\/eu\/wp-json\/wp\/v2\/pages\/396\/revisions"}],"predecessor-version":[{"id":738,"href":"https:\/\/alkihaizea.com\/eu\/wp-json\/wp\/v2\/pages\/396\/revisions\/738"}],"wp:attachment":[{"href":"https:\/\/alkihaizea.com\/eu\/wp-json\/wp\/v2\/media?parent=396"}],"curies":[{"name":"wp","href":"https:\/\/api.w.org\/{rel}","templated":true}]}}