{"id":366,"date":"2018-06-20T18:58:26","date_gmt":"2018-06-20T16:58:26","guid":{"rendered":"https:\/\/alkihaizea.com\/?page_id=366"},"modified":"2019-08-22T12:01:36","modified_gmt":"2019-08-22T10:01:36","slug":"hasiera","status":"publish","type":"page","link":"https:\/\/alkihaizea.com\/eu\/","title":{"rendered":"Hasiera"},"content":{"rendered":"<div class=\"full right\">\n<div class=\"cabecera\">\n<h1 class=\"txt-blanco\">Alkihaizea, eraikuntzarako, industriarako eta lorezaintzarko makineria saldu eta alokatzeko zure enpresa.<\/h1>\n<\/div>\n<div class=\"clear\"><\/div>\n<\/div>\n<div class=\"main\">\n<h2 class=\"slab\">IKUSI PRODUKTUEN GURE AUKERA ZABALA <\/h2>\n<div class=\"puntos\"><\/div>\n<div class=\"tercio\"><a href=\"https:\/\/alkihaizea.com\/productos\/compactacion\/\" title=\"Descubre nuestros productos de compactaci\u00f3n\"><\/p>\n<div class=\"trapecio\"><img decoding=\"async\" src=\"https:\/\/alkihaizea.com\/wp-content\/themes\/alkihaizea\/images\/compactacion-alkihaizea.png\" alt=\"Icono de compactaci\u00f3n\" title=\"Todo tipo de maquinaria para compactar\" \/><\/div>\n<h4 class=\"slab\">TRINKOTZEA<\/h4>\n<p><\/a><\/p>\n<p>Aukeratu asfaltoa eta beste mota bateko lurzoruak trinkotu eta berdintzeko makinen gure eskaintza zabalaren artean.<\/p>\n<\/div>\n<div class=\"tercio\"><a href=\"https:\/\/alkihaizea.com\/productos\/corte-y-demolicion\/\" title=\"Disponemos de una gran variedad de maquinaria de corte y demolici\u00f3n\"><\/p>\n<div class=\"trapecio\"><img decoding=\"async\" src=\"https:\/\/alkihaizea.com\/wp-content\/themes\/alkihaizea\/images\/corte-alkihaizea.png\" alt=\"Icono de corte y demolici\u00f3n\" title=\"Descubre nuestras maquinas de corte y demolici\u00f3n\" \/><\/div>\n<h4 class=\"slab\">EBAKITZEA ETA ERAISTEA<\/h4>\n<p><\/a><\/p>\n<p>Ebakitze- eta eraiste-lanetarako mota guztietako tresnak ditugu. Aurkitu behar duzuna.<\/p>\n<\/div>\n<div class=\"tercio\"><a href=\"https:\/\/alkihaizea.com\/productos\/elevacion-y-manutencion\/\" title=\"Disfruta de nuestras plataformas elevadoras y carretillas\"><\/p>\n<div class=\"trapecio\"><img decoding=\"async\" src=\"https:\/\/alkihaizea.com\/wp-content\/themes\/alkihaizea\/images\/elevacion-alkihaizea.png\" alt=\"Icono de elevaci\u00f3n y manutenci\u00f3n\" title=\"Maquinaria de elevaci\u00f3n y manutenci\u00f3n, inf\u00f3rmate.\" \/><\/div>\n<h4 class=\"slab\">JASOTZEA ETA MANUTENTZIOA<\/h4>\n<p><\/a><\/p>\n<p>Adituak gara jasotze- eta manutentzio-makinerian. Mota guztietako plataformak ditugu. Ikus ezazu.<\/p>\n<\/div>\n<div class=\"tercio\"><a href=\"https:\/\/alkihaizea.com\/productos\/generadores-y-compresores\/\" title=\"Conoce nuestra variedad de generadores y compresores\"><\/p>\n<div class=\"trapecio\"><img decoding=\"async\" src=\"https:\/\/alkihaizea.com\/wp-content\/themes\/alkihaizea\/images\/generadores-alkihaizea.png\" alt=\"Icono de generadores y compresores\" title=\"Descubre nuestros generadores y compresores\" \/><\/div>\n<h4 class=\"slab\">SORGAILUAK ETA KONPRESOREAK<\/h4>\n<p><\/a><\/p>\n<p>Berariazko tresnak ditugu argia sortzeko eta mota desberdinetako fluidoak mugitzeko. Eska ezazu informazioa.<\/p>\n<\/div>\n<div class=\"tercio\"><a href=\"https:\/\/alkihaizea.com\/productos\/maquinaria-de-limpieza-a-presion\/\" title=\"Contamos con m\u00e1quinas limpiadoras de todo tipo\"><\/p>\n<div class=\"trapecio\"><img decoding=\"async\" src=\"https:\/\/alkihaizea.com\/wp-content\/themes\/alkihaizea\/images\/maquinaria-alkihaizea.png\" alt=\"Icono de maquinaria de limpieza a presi\u00f3n\" title=\"Maquinaria de limpieza a presi\u00f3n, descubre las nuestras\" \/><\/div>\n<h4 class=\"slab\">PRESIOZKO GARBIKETARAKO MAKINERIA <\/h4>\n<p><\/a><\/p>\n<p>Hormigoi- eta asfaltatze-material bikaina dugu. Sartu eta ikusi aukera desberdinak.<\/p>\n<\/div>\n<div class=\"tercio\"><a href=\"https:\/\/alkihaizea.com\/productos\/movimiento-de-tierras\/\" title=\"Conoce nuestras maquinaria e implementos\"><\/p>\n<div class=\"trapecio\"><img decoding=\"async\" src=\"https:\/\/alkihaizea.com\/wp-content\/themes\/alkihaizea\/images\/movimiento-alkihaizea.png\" alt=\"Icono de movimiento de tierras\" title=\"Conoce nuestras maquinas de movimiento de tierras\" \/><\/div>\n<h4 class=\"slab\">LURREN MUGIMENDUA<\/h4>\n<p><\/a><\/p>\n<p>Makina handiak eta txikiak, garraiatu beharreko lur-kantitatera egokitzen direnak. Hautatu behar duzuna.<\/p>\n<\/div>\n<div class=\"clear\"><\/div>\n<\/div>\n<div class=\"full\">\n<div class=\"f-azul center destacado\">\n<h3>PREZIO-KALITATE-ZERBITZU ERLAZIO BIKAINA ESKAINTZEN DUGU <span class=\"boton\"><a href=\"https:\/\/alkihaizea.com\/empresa\/\" class=\"efecto-boton\" title=\"Para mas informaci\u00f3n, haz clik aqu\u00ed\">IKUS EZAZU!<\/a><\/span><\/h3>\n<\/div>\n<div class=\"center padding certificados\"><a href=\"https:\/\/alkihaizea.com\/wp-content\/uploads\/pdf\/CertificadoER-0980-2002_ES_2018-08-14.pdf\" title=\"Ver el certificado\" target=\"_blank\"><img decoding=\"async\" src=\"https:\/\/alkihaizea.com\/wp-content\/themes\/alkihaizea\/images\/aenor-alkihaizea.jpg\" alt=\"Icono Aenor\" title=\"Empresa registrada en Aenor\" width=\"100%\" height=\"auto\" \/><\/a><a href=\"https:\/\/alkihaizea.com\/wp-content\/uploads\/pdf\/IQNetES-0980-2002_2018-08-14.pdf\" title=\"Ver el certificado\" target=\"_blank\"><img decoding=\"async\" src=\"https:\/\/alkihaizea.com\/wp-content\/themes\/alkihaizea\/images\/certified-iqnet-alkihaizea.jpg\" alt=\"Icono IqNet\" title=\"Certificado IqNet\" width=\"100%\" height=\"auto\" \/><\/a><a href=\"https:\/\/alkihaizea.com\/wp-content\/uploads\/pdf\/ASEAMAC_Certificado_acreditacion_ALKIHAIZEA_180328_ES.pdf\" title=\"Ver el certificado\" target=\"_blank\"><img decoding=\"async\" src=\"https:\/\/alkihaizea.com\/wp-content\/themes\/alkihaizea\/images\/aseamac-alkihaizea.jpg\" alt=\"Icono Aseamac\" title=\"Certificado Aseamac\" width=\"100%\" height=\"auto\" \/><\/a>\n<\/div>\n<div class=\"separador\"><\/div>\n<h2 class=\"slab\">OSO SEKTORE DESBERDINEKIN LAN EGITEN DUGU<\/h2>\n<div class=\"puntos\"><\/div>\n<div class=\"mitad\"><a href=\"https:\/\/alkihaizea.com\/sectores\/#construccion\" title=\"Contamos con las mejores herramientas para la construcci\u00f3n\"><\/p>\n<div class=\"hr a-right\"><\/div>\n<h4 class=\"a-right\">Eraikuntza<\/h4>\n<p><img decoding=\"async\" src=\"https:\/\/alkihaizea.com\/wp-content\/themes\/alkihaizea\/images\/construccion-alkihaizea.jpg\" alt=\"Imag\u00e9n de construcci\u00f3n\" title=\"Conoce los productos adecuados para el sector de construcci\u00f3n\" \/><\/a><\/div>\n<div class=\"mitad\"><a href=\"https:\/\/alkihaizea.com\/sectores\/#jardineria\" title=\"Escoge la maquinaria espec\u00edfica para tu jard\u00edn\"><\/p>\n<div class=\"hr a-left\"><\/div>\n<h4 class=\"a-left\">Lorezaintza<\/h4>\n<p><img decoding=\"async\" src=\"https:\/\/alkihaizea.com\/wp-content\/themes\/alkihaizea\/images\/jardineria-alkihaizea.jpg\" alt=\"Imag\u00e9n de jardiner\u00eda\" title=\"Descubre nuestros productos para el sector de jardiner\u00eda\" \/><\/a><\/div>\n<div class=\"mitad\"><a href=\"https:\/\/alkihaizea.com\/sectores\/#eventos\" title=\"Disponemos de maquinaria para todo tipo de eventos\"><\/p>\n<div class=\"hr a-right\"><\/div>\n<h4  class=\"a-right\">Ekitaldiak<\/h4>\n<p><img decoding=\"async\" src=\"https:\/\/alkihaizea.com\/wp-content\/themes\/alkihaizea\/images\/eventos-alkihaizea.jpg\" alt=\"Imag\u00e9n de eventos\" title=\"\u00bfNecesitas maquinar\u00eda tu evento?\" \/><\/a><\/div>\n<div class=\"mitad\"><a href=\"https:\/\/alkihaizea.com\/sectores\/#industria\" title=\"Consigue la maquinaria adecuada para tu industria\"><\/p>\n<div class=\"hr a-left\"><\/div>\n<h4 class=\"a-left\">Industria<\/h4>\n<p><img decoding=\"async\" src=\"https:\/\/alkihaizea.com\/wp-content\/themes\/alkihaizea\/images\/industria-alkihaizea.jpg\" alt=\"Imag\u00e9n de insdustria\" title=\"Maquinaria especializada para el sector industria\" \/><\/a><\/div>\n<div class=\"clear\"><\/div>\n<\/div>\n<div class=\"separador\"><\/div>\n<div id=\"footer-left\">\n<div class=\"pie-left center\">\n<h3>MAKINERIA EROSI EDO ALOKATU NAHI DUZU?<br \/>\nAHOLKULARITZA BEHAR DUZU?<\/h3>\n<p>Esaguzu zer behar duzun eta aholkuak emango dizkizugu<\/p>\n<p><span class=\"boton\"><a href=\"https:\/\/alkihaizea.com\/eu\/kontaktua\/\" class=\"efecto-boton2\" title=\"\">Jarri harremanetan<\/a><\/span><br \/>\n<!--\n\n<div class=\"formulario\">\n[contact-form-7 id=\"427\" title=\"Formulario Home_EU\"]<\/div>\n\n-->\n<\/div>\n<\/div>\n","protected":false},"excerpt":{"rendered":"<p>Alkihaizea, eraikuntzarako, industriarako eta lorezaintzarko makineria saldu eta alokatzeko zure enpresa. IKUSI PRODUKTUEN GURE AUKERA ZABALA TRINKOTZEA Aukeratu asfaltoa eta beste mota bateko lurzoruak trinkotu eta berdintzeko makinen gure eskaintza zabalaren artean. EBAKITZEA ETA ERAISTEA Ebakitze- eta eraiste-lanetarako mota guztietako tresnak ditugu. Aurkitu behar duzuna. JASOTZEA ETA MANUTENTZIOA Adituak gara jasotze- eta manutentzio-makinerian. Mota guztietako [&hellip;]<\/p>\n","protected":false},"author":3,"featured_media":0,"parent":0,"menu_order":0,"comment_status":"closed","ping_status":"open","template":"home.php","meta":{"footnotes":""},"class_list":["post-366","page","type-page","status-publish","hentry"],"yoast_head":"<!-- This site is optimized with the Yoast SEO plugin v27.4 - https:\/\/yoast.com\/product\/yoast-seo-wordpress\/ -->\n<title>Hasiera - Alki Haizea<\/title>\n<meta name=\"robots\" content=\"index, follow, max-snippet:-1, max-image-preview:large, max-video-preview:-1\" \/>\n<link rel=\"canonical\" href=\"https:\/\/alkihaizea.com\/eu\/\" \/>\n<meta property=\"og:locale\" content=\"eu_ES\" \/>\n<meta property=\"og:type\" content=\"article\" \/>\n<meta property=\"og:title\" content=\"Hasiera - Alki Haizea\" \/>\n<meta property=\"og:description\" content=\"Alkihaizea, eraikuntzarako, industriarako eta lorezaintzarko makineria saldu eta alokatzeko zure enpresa. IKUSI PRODUKTUEN GURE AUKERA ZABALA TRINKOTZEA Aukeratu asfaltoa eta beste mota bateko lurzoruak trinkotu eta berdintzeko makinen gure eskaintza zabalaren artean. EBAKITZEA ETA ERAISTEA Ebakitze- eta eraiste-lanetarako mota guztietako tresnak ditugu. Aurkitu behar duzuna. JASOTZEA ETA MANUTENTZIOA Adituak gara jasotze- eta manutentzio-makinerian. Mota guztietako [&hellip;]\" \/>\n<meta property=\"og:url\" content=\"https:\/\/alkihaizea.com\/eu\/\" \/>\n<meta property=\"og:site_name\" content=\"Alki Haizea\" \/>\n<meta property=\"article:modified_time\" content=\"2019-08-22T10:01:36+00:00\" \/>\n<meta property=\"og:image\" content=\"https:\/\/alkihaizea.com\/wp-content\/themes\/alkihaizea\/images\/compactacion-alkihaizea.png\" \/>\n<meta name=\"twitter:card\" content=\"summary_large_image\" \/>\n<meta name=\"twitter:label1\" content=\"Est. reading time\" \/>\n\t<meta name=\"twitter:data1\" content=\"1 minute\" \/>\n<script type=\"application\/ld+json\" class=\"yoast-schema-graph\">{\"@context\":\"https:\\\/\\\/schema.org\",\"@graph\":[{\"@type\":\"WebPage\",\"@id\":\"https:\\\/\\\/alkihaizea.com\\\/eu\\\/\",\"url\":\"https:\\\/\\\/alkihaizea.com\\\/eu\\\/\",\"name\":\"Hasiera - Alki Haizea\",\"isPartOf\":{\"@id\":\"https:\\\/\\\/alkihaizea.com\\\/#website\"},\"primaryImageOfPage\":{\"@id\":\"https:\\\/\\\/alkihaizea.com\\\/eu\\\/#primaryimage\"},\"image\":{\"@id\":\"https:\\\/\\\/alkihaizea.com\\\/eu\\\/#primaryimage\"},\"thumbnailUrl\":\"https:\\\/\\\/alkihaizea.com\\\/wp-content\\\/themes\\\/alkihaizea\\\/images\\\/compactacion-alkihaizea.png\",\"datePublished\":\"2018-06-20T16:58:26+00:00\",\"dateModified\":\"2019-08-22T10:01:36+00:00\",\"breadcrumb\":{\"@id\":\"https:\\\/\\\/alkihaizea.com\\\/eu\\\/#breadcrumb\"},\"inLanguage\":\"eu-ES\",\"potentialAction\":[{\"@type\":\"ReadAction\",\"target\":[\"https:\\\/\\\/alkihaizea.com\\\/eu\\\/\"]}]},{\"@type\":\"ImageObject\",\"inLanguage\":\"eu-ES\",\"@id\":\"https:\\\/\\\/alkihaizea.com\\\/eu\\\/#primaryimage\",\"url\":\"https:\\\/\\\/alkihaizea.com\\\/wp-content\\\/themes\\\/alkihaizea\\\/images\\\/compactacion-alkihaizea.png\",\"contentUrl\":\"https:\\\/\\\/alkihaizea.com\\\/wp-content\\\/themes\\\/alkihaizea\\\/images\\\/compactacion-alkihaizea.png\"},{\"@type\":\"BreadcrumbList\",\"@id\":\"https:\\\/\\\/alkihaizea.com\\\/eu\\\/#breadcrumb\",\"itemListElement\":[{\"@type\":\"ListItem\",\"position\":1,\"name\":\"Portada\",\"item\":\"https:\\\/\\\/alkihaizea.com\\\/eu\\\/\"},{\"@type\":\"ListItem\",\"position\":2,\"name\":\"Hasiera\"}]},{\"@type\":\"WebSite\",\"@id\":\"https:\\\/\\\/alkihaizea.com\\\/#website\",\"url\":\"https:\\\/\\\/alkihaizea.com\\\/\",\"name\":\"Alki Haizea\",\"description\":\"Alquiler y venta de maquinaria\",\"publisher\":{\"@id\":\"https:\\\/\\\/alkihaizea.com\\\/#organization\"},\"potentialAction\":[{\"@type\":\"SearchAction\",\"target\":{\"@type\":\"EntryPoint\",\"urlTemplate\":\"https:\\\/\\\/alkihaizea.com\\\/?s={search_term_string}\"},\"query-input\":{\"@type\":\"PropertyValueSpecification\",\"valueRequired\":true,\"valueName\":\"search_term_string\"}}],\"inLanguage\":\"eu-ES\"},{\"@type\":\"Organization\",\"@id\":\"https:\\\/\\\/alkihaizea.com\\\/#organization\",\"name\":\"Alki Haizea\",\"url\":\"https:\\\/\\\/alkihaizea.com\\\/\",\"logo\":{\"@type\":\"ImageObject\",\"inLanguage\":\"eu-ES\",\"@id\":\"https:\\\/\\\/alkihaizea.com\\\/#\\\/schema\\\/logo\\\/image\\\/\",\"url\":\"https:\\\/\\\/alkihaizea.com\\\/wp-content\\\/uploads\\\/2018\\\/05\\\/logotipo-v-alkihaizea.jpg\",\"contentUrl\":\"https:\\\/\\\/alkihaizea.com\\\/wp-content\\\/uploads\\\/2018\\\/05\\\/logotipo-v-alkihaizea.jpg\",\"width\":112,\"height\":70,\"caption\":\"Alki Haizea\"},\"image\":{\"@id\":\"https:\\\/\\\/alkihaizea.com\\\/#\\\/schema\\\/logo\\\/image\\\/\"}}]}<\/script>\n<!-- \/ Yoast SEO plugin. -->","yoast_head_json":{"title":"Hasiera - Alki Haizea","robots":{"index":"index","follow":"follow","max-snippet":"max-snippet:-1","max-image-preview":"max-image-preview:large","max-video-preview":"max-video-preview:-1"},"canonical":"https:\/\/alkihaizea.com\/eu\/","og_locale":"eu_ES","og_type":"article","og_title":"Hasiera - Alki Haizea","og_description":"Alkihaizea, eraikuntzarako, industriarako eta lorezaintzarko makineria saldu eta alokatzeko zure enpresa. IKUSI PRODUKTUEN GURE AUKERA ZABALA TRINKOTZEA Aukeratu asfaltoa eta beste mota bateko lurzoruak trinkotu eta berdintzeko makinen gure eskaintza zabalaren artean. EBAKITZEA ETA ERAISTEA Ebakitze- eta eraiste-lanetarako mota guztietako tresnak ditugu. Aurkitu behar duzuna. JASOTZEA ETA MANUTENTZIOA Adituak gara jasotze- eta manutentzio-makinerian. Mota guztietako [&hellip;]","og_url":"https:\/\/alkihaizea.com\/eu\/","og_site_name":"Alki Haizea","article_modified_time":"2019-08-22T10:01:36+00:00","og_image":[{"url":"https:\/\/alkihaizea.com\/wp-content\/themes\/alkihaizea\/images\/compactacion-alkihaizea.png","type":"","width":"","height":""}],"twitter_card":"summary_large_image","twitter_misc":{"Est. reading time":"1 minute"},"schema":{"@context":"https:\/\/schema.org","@graph":[{"@type":"WebPage","@id":"https:\/\/alkihaizea.com\/eu\/","url":"https:\/\/alkihaizea.com\/eu\/","name":"Hasiera - Alki Haizea","isPartOf":{"@id":"https:\/\/alkihaizea.com\/#website"},"primaryImageOfPage":{"@id":"https:\/\/alkihaizea.com\/eu\/#primaryimage"},"image":{"@id":"https:\/\/alkihaizea.com\/eu\/#primaryimage"},"thumbnailUrl":"https:\/\/alkihaizea.com\/wp-content\/themes\/alkihaizea\/images\/compactacion-alkihaizea.png","datePublished":"2018-06-20T16:58:26+00:00","dateModified":"2019-08-22T10:01:36+00:00","breadcrumb":{"@id":"https:\/\/alkihaizea.com\/eu\/#breadcrumb"},"inLanguage":"eu-ES","potentialAction":[{"@type":"ReadAction","target":["https:\/\/alkihaizea.com\/eu\/"]}]},{"@type":"ImageObject","inLanguage":"eu-ES","@id":"https:\/\/alkihaizea.com\/eu\/#primaryimage","url":"https:\/\/alkihaizea.com\/wp-content\/themes\/alkihaizea\/images\/compactacion-alkihaizea.png","contentUrl":"https:\/\/alkihaizea.com\/wp-content\/themes\/alkihaizea\/images\/compactacion-alkihaizea.png"},{"@type":"BreadcrumbList","@id":"https:\/\/alkihaizea.com\/eu\/#breadcrumb","itemListElement":[{"@type":"ListItem","position":1,"name":"Portada","item":"https:\/\/alkihaizea.com\/eu\/"},{"@type":"ListItem","position":2,"name":"Hasiera"}]},{"@type":"WebSite","@id":"https:\/\/alkihaizea.com\/#website","url":"https:\/\/alkihaizea.com\/","name":"Alki Haizea","description":"Alquiler y venta de maquinaria","publisher":{"@id":"https:\/\/alkihaizea.com\/#organization"},"potentialAction":[{"@type":"SearchAction","target":{"@type":"EntryPoint","urlTemplate":"https:\/\/alkihaizea.com\/?s={search_term_string}"},"query-input":{"@type":"PropertyValueSpecification","valueRequired":true,"valueName":"search_term_string"}}],"inLanguage":"eu-ES"},{"@type":"Organization","@id":"https:\/\/alkihaizea.com\/#organization","name":"Alki Haizea","url":"https:\/\/alkihaizea.com\/","logo":{"@type":"ImageObject","inLanguage":"eu-ES","@id":"https:\/\/alkihaizea.com\/#\/schema\/logo\/image\/","url":"https:\/\/alkihaizea.com\/wp-content\/uploads\/2018\/05\/logotipo-v-alkihaizea.jpg","contentUrl":"https:\/\/alkihaizea.com\/wp-content\/uploads\/2018\/05\/logotipo-v-alkihaizea.jpg","width":112,"height":70,"caption":"Alki Haizea"},"image":{"@id":"https:\/\/alkihaizea.com\/#\/schema\/logo\/image\/"}}]}},"_links":{"self":[{"href":"https:\/\/alkihaizea.com\/eu\/wp-json\/wp\/v2\/pages\/366","targetHints":{"allow":["GET"]}}],"collection":[{"href":"https:\/\/alkihaizea.com\/eu\/wp-json\/wp\/v2\/pages"}],"about":[{"href":"https:\/\/alkihaizea.com\/eu\/wp-json\/wp\/v2\/types\/page"}],"author":[{"embeddable":true,"href":"https:\/\/alkihaizea.com\/eu\/wp-json\/wp\/v2\/users\/3"}],"replies":[{"embeddable":true,"href":"https:\/\/alkihaizea.com\/eu\/wp-json\/wp\/v2\/comments?post=366"}],"version-history":[{"count":9,"href":"https:\/\/alkihaizea.com\/eu\/wp-json\/wp\/v2\/pages\/366\/revisions"}],"predecessor-version":[{"id":868,"href":"https:\/\/alkihaizea.com\/eu\/wp-json\/wp\/v2\/pages\/366\/revisions\/868"}],"wp:attachment":[{"href":"https:\/\/alkihaizea.com\/eu\/wp-json\/wp\/v2\/media?parent=366"}],"curies":[{"name":"wp","href":"https:\/\/api.w.org\/{rel}","templated":true}]}}